{"id":21961,"date":"2025-02-18T10:24:59","date_gmt":"2025-02-18T09:24:59","guid":{"rendered":"https:\/\/bifalo.pl\/?post_type=product&#038;p=21961"},"modified":"2026-02-10T12:30:19","modified_gmt":"2026-02-10T11:30:19","slug":"cheeseburger-na-3-szt","status":"publish","type":"product","link":"https:\/\/bifalo.pl\/en\/sklep\/pakiety\/cheeseburger-na-3-szt\/","title":{"rendered":"Cheeseburger na 3 szt"},"content":{"rendered":"<p>Cheeseburger na 3 sztuki to idealny zestaw do przygotowania perfekcyjnych burger\u00f3w. W zestawie znajdziemy bu\u0142ki ma\u015blane, burgery wo\u0142owe 220g, \u015bwie\u017c\u0105 sa\u0142at\u0119, pomidora malinowego, og\u00f3rka kwaszonego oraz sosy: serowy, burgerowy i BBQ. Proste do przygotowania i wyj\u0105tkowe w smaku<\/p>","protected":false},"excerpt":{"rendered":"<p>bu\u0142ka ma\u015blana 3szt, burgery 220g 3szt, sa\u0142ata rzymska mini, pomidor malinowy, og\u00f3rek kwaszony, sos serowy, sos burgerowy, sos BBQ<\/p>","protected":false},"featured_media":22054,"comment_status":"open","ping_status":"closed","template":"","meta":{"_acf_changed":false,"inline_featured_image":false},"product_brand":[],"product_cat":[282],"product_tag":[],"class_list":{"0":"post-21961","1":"product","2":"type-product","3":"status-publish","4":"has-post-thumbnail","6":"product_cat-pakiety","8":"first","9":"instock","10":"shipping-taxable","11":"purchasable","12":"product-type-simple"},"acf":[],"_links":{"self":[{"href":"https:\/\/bifalo.pl\/en\/wp-json\/wp\/v2\/product\/21961","targetHints":{"allow":["GET"]}}],"collection":[{"href":"https:\/\/bifalo.pl\/en\/wp-json\/wp\/v2\/product"}],"about":[{"href":"https:\/\/bifalo.pl\/en\/wp-json\/wp\/v2\/types\/product"}],"replies":[{"embeddable":true,"href":"https:\/\/bifalo.pl\/en\/wp-json\/wp\/v2\/comments?post=21961"}],"version-history":[{"count":2,"href":"https:\/\/bifalo.pl\/en\/wp-json\/wp\/v2\/product\/21961\/revisions"}],"predecessor-version":[{"id":21976,"href":"https:\/\/bifalo.pl\/en\/wp-json\/wp\/v2\/product\/21961\/revisions\/21976"}],"wp:featuredmedia":[{"embeddable":true,"href":"https:\/\/bifalo.pl\/en\/wp-json\/wp\/v2\/media\/22054"}],"wp:attachment":[{"href":"https:\/\/bifalo.pl\/en\/wp-json\/wp\/v2\/media?parent=21961"}],"wp:term":[{"taxonomy":"product_brand","embeddable":true,"href":"https:\/\/bifalo.pl\/en\/wp-json\/wp\/v2\/product_brand?post=21961"},{"taxonomy":"product_cat","embeddable":true,"href":"https:\/\/bifalo.pl\/en\/wp-json\/wp\/v2\/product_cat?post=21961"},{"taxonomy":"product_tag","embeddable":true,"href":"https:\/\/bifalo.pl\/en\/wp-json\/wp\/v2\/product_tag?post=21961"}],"curies":[{"name":"wp","href":"https:\/\/api.w.org\/{rel}","templated":true}]}}