{"id":21492,"date":"2025-02-03T08:25:31","date_gmt":"2025-02-03T07:25:31","guid":{"rendered":"https:\/\/bifalo.pl\/?post_type=product&#038;p=21492"},"modified":"2026-02-10T12:30:20","modified_gmt":"2026-02-10T11:30:20","slug":"bifalo-beef-party","status":"publish","type":"product","link":"https:\/\/bifalo.pl\/en\/sklep\/pakiety\/bifalo-beef-party\/","title":{"rendered":"BIFALO BEEF PARTY"},"content":{"rendered":"<p>Bifalo Beef Party to zestaw, kt\u00f3ry idealnie sprawdzi si\u0119 na ka\u017cdej imprezie czy przyj\u0119ciu okoliczno\u015bciowym. W zestawie znajdziesz T-bon 1kg, Tomahawk 1kg, tatar z pol\u0119dwicy wo\u0142owej 200g, wolno gotowany szponder wo\u0142owy 4 x 400g oraz zestaw do przygtowania 4 burger\u00f3w Bifalo. Do tego dok\u0142adamy sosy i perfekcyjne dodatki. Bifalo Beef Party to podstawa udanej imprezy.<\/p>","protected":false},"excerpt":{"rendered":"<p>1 x 1 kg T-bone, 1 x 1 kg Tomahawk, 1 kg steki z antrykotu, t\u0142uszcz wo\u0142owy, s\u00f3l do stek\u00f3w Tatrza\u0144ska Spi\u017carnia 75g, mi\u00f3d mi\u0119towy 150g, 4 x 220g burgery, 4 bu\u0142ki ma\u015blane,sa\u0142ata rzymska mini, pomidor malinowy, og\u00f3rek kwaszony, sos serowy, sos burger\u00f3w, sos BBQ, siekana pol\u0119dwica wo\u0142owa na tatara, 4 x szponder wolno gotowany.<\/p>","protected":false},"featured_media":22053,"comment_status":"open","ping_status":"closed","template":"","meta":{"_acf_changed":false,"inline_featured_image":false},"product_brand":[],"product_cat":[282],"product_tag":[],"class_list":{"0":"post-21492","1":"product","2":"type-product","3":"status-publish","4":"has-post-thumbnail","6":"product_cat-pakiety","8":"first","9":"instock","10":"shipping-taxable","11":"purchasable","12":"product-type-simple"},"acf":[],"_links":{"self":[{"href":"https:\/\/bifalo.pl\/en\/wp-json\/wp\/v2\/product\/21492","targetHints":{"allow":["GET"]}}],"collection":[{"href":"https:\/\/bifalo.pl\/en\/wp-json\/wp\/v2\/product"}],"about":[{"href":"https:\/\/bifalo.pl\/en\/wp-json\/wp\/v2\/types\/product"}],"replies":[{"embeddable":true,"href":"https:\/\/bifalo.pl\/en\/wp-json\/wp\/v2\/comments?post=21492"}],"version-history":[{"count":7,"href":"https:\/\/bifalo.pl\/en\/wp-json\/wp\/v2\/product\/21492\/revisions"}],"predecessor-version":[{"id":21949,"href":"https:\/\/bifalo.pl\/en\/wp-json\/wp\/v2\/product\/21492\/revisions\/21949"}],"wp:featuredmedia":[{"embeddable":true,"href":"https:\/\/bifalo.pl\/en\/wp-json\/wp\/v2\/media\/22053"}],"wp:attachment":[{"href":"https:\/\/bifalo.pl\/en\/wp-json\/wp\/v2\/media?parent=21492"}],"wp:term":[{"taxonomy":"product_brand","embeddable":true,"href":"https:\/\/bifalo.pl\/en\/wp-json\/wp\/v2\/product_brand?post=21492"},{"taxonomy":"product_cat","embeddable":true,"href":"https:\/\/bifalo.pl\/en\/wp-json\/wp\/v2\/product_cat?post=21492"},{"taxonomy":"product_tag","embeddable":true,"href":"https:\/\/bifalo.pl\/en\/wp-json\/wp\/v2\/product_tag?post=21492"}],"curies":[{"name":"wp","href":"https:\/\/api.w.org\/{rel}","templated":true}]}}