{"id":21490,"date":"2025-02-03T08:25:31","date_gmt":"2025-02-03T07:25:31","guid":{"rendered":"https:\/\/bifalo.pl\/?post_type=product&#038;p=21490"},"modified":"2026-02-10T13:20:12","modified_gmt":"2026-02-10T12:20:12","slug":"stekowa-uczta","status":"publish","type":"product","link":"https:\/\/bifalo.pl\/en\/sklep\/pakiety\/stekowa-uczta\/","title":{"rendered":"Stekowa uczta"},"content":{"rendered":"<p>Stekowa uczta to zestaw dla ceni\u0105cych sobie idealnie dobrane steki. W zestawie znajdziemy T-bon 500g (2 szt.), antrykot sezonowany na sucho, pol\u0119dwic\u0119 wo\u0142ow\u0105 oraz idealnie skomponowane dodatki, takie jak sos demi-glace i s\u00f3l maldon z zio\u0142ami. Zestaw idealny r\u00f3wnie\u017c jako zestaw prezentowy.<\/p>","protected":false},"excerpt":{"rendered":"<p>2 x 500g T-bone, 2 x 300g antrykot marmurkowy, bez ko\u015bci. T\u0142uszcz wo\u0142owy, 2 x 250g pol\u0119dwica wo\u0142owa, sos demi glace 150g, s\u00f3l do stek\u00f3w Tatrza\u0144ska Spi\u017carnia 75g.<\/p>","protected":false},"featured_media":22056,"comment_status":"open","ping_status":"closed","template":"","meta":{"_acf_changed":false,"inline_featured_image":false},"product_brand":[],"product_cat":[282],"product_tag":[],"class_list":{"0":"post-21490","1":"product","2":"type-product","3":"status-publish","4":"has-post-thumbnail","6":"product_cat-pakiety","8":"first","9":"instock","10":"shipping-taxable","11":"purchasable","12":"product-type-simple"},"acf":[],"_links":{"self":[{"href":"https:\/\/bifalo.pl\/en\/wp-json\/wp\/v2\/product\/21490","targetHints":{"allow":["GET"]}}],"collection":[{"href":"https:\/\/bifalo.pl\/en\/wp-json\/wp\/v2\/product"}],"about":[{"href":"https:\/\/bifalo.pl\/en\/wp-json\/wp\/v2\/types\/product"}],"replies":[{"embeddable":true,"href":"https:\/\/bifalo.pl\/en\/wp-json\/wp\/v2\/comments?post=21490"}],"version-history":[{"count":3,"href":"https:\/\/bifalo.pl\/en\/wp-json\/wp\/v2\/product\/21490\/revisions"}],"predecessor-version":[{"id":21948,"href":"https:\/\/bifalo.pl\/en\/wp-json\/wp\/v2\/product\/21490\/revisions\/21948"}],"wp:featuredmedia":[{"embeddable":true,"href":"https:\/\/bifalo.pl\/en\/wp-json\/wp\/v2\/media\/22056"}],"wp:attachment":[{"href":"https:\/\/bifalo.pl\/en\/wp-json\/wp\/v2\/media?parent=21490"}],"wp:term":[{"taxonomy":"product_brand","embeddable":true,"href":"https:\/\/bifalo.pl\/en\/wp-json\/wp\/v2\/product_brand?post=21490"},{"taxonomy":"product_cat","embeddable":true,"href":"https:\/\/bifalo.pl\/en\/wp-json\/wp\/v2\/product_cat?post=21490"},{"taxonomy":"product_tag","embeddable":true,"href":"https:\/\/bifalo.pl\/en\/wp-json\/wp\/v2\/product_tag?post=21490"}],"curies":[{"name":"wp","href":"https:\/\/api.w.org\/{rel}","templated":true}]}}