{"id":21487,"date":"2025-02-03T08:25:30","date_gmt":"2025-02-03T07:25:30","guid":{"rendered":"https:\/\/bifalo.pl\/?post_type=product&#038;p=21487"},"modified":"2025-02-10T08:04:29","modified_gmt":"2025-02-10T07:04:29","slug":"cheeseburger-na-8-szt","status":"publish","type":"product","link":"https:\/\/bifalo.pl\/en\/sklep\/pakiety\/cheeseburger-na-8-szt\/","title":{"rendered":"Cheeseburger na 8 szt"},"content":{"rendered":"<p>Cheeseburger na 8 sztuk to idealny zestaw do przygotowania perfekcyjnych burger\u00f3w. W zestawie znajdziemy bu\u0142ki ma\u015blane, burgery wo\u0142owe 220g, \u015bwie\u017c\u0105 sa\u0142at\u0119, pomidora malinowego, og\u00f3rka kwaszonego oraz sosy: serowy, burgerowy i BBQ. Proste do przygotowania i wyj\u0105tkowe w smaku<\/p>","protected":false},"excerpt":{"rendered":"<p>bu\u0142ka ma\u015blana 8szt, burgery 220g 8szt, sa\u0142ata rzymska mini, pomidor malinowy, og\u00f3rek kwaszony, sos serowy, sos burgerowy, sos BBQ<\/p>","protected":false},"featured_media":21905,"comment_status":"open","ping_status":"closed","template":"","meta":{"_acf_changed":false,"inline_featured_image":false},"product_brand":[],"product_cat":[282],"product_tag":[],"class_list":{"0":"post-21487","1":"product","2":"type-product","3":"status-publish","4":"has-post-thumbnail","6":"product_cat-pakiety","8":"first","9":"instock","10":"shipping-taxable","11":"purchasable","12":"product-type-simple"},"acf":[],"_links":{"self":[{"href":"https:\/\/bifalo.pl\/en\/wp-json\/wp\/v2\/product\/21487","targetHints":{"allow":["GET"]}}],"collection":[{"href":"https:\/\/bifalo.pl\/en\/wp-json\/wp\/v2\/product"}],"about":[{"href":"https:\/\/bifalo.pl\/en\/wp-json\/wp\/v2\/types\/product"}],"replies":[{"embeddable":true,"href":"https:\/\/bifalo.pl\/en\/wp-json\/wp\/v2\/comments?post=21487"}],"version-history":[{"count":6,"href":"https:\/\/bifalo.pl\/en\/wp-json\/wp\/v2\/product\/21487\/revisions"}],"predecessor-version":[{"id":21950,"href":"https:\/\/bifalo.pl\/en\/wp-json\/wp\/v2\/product\/21487\/revisions\/21950"}],"wp:featuredmedia":[{"embeddable":true,"href":"https:\/\/bifalo.pl\/en\/wp-json\/wp\/v2\/media\/21905"}],"wp:attachment":[{"href":"https:\/\/bifalo.pl\/en\/wp-json\/wp\/v2\/media?parent=21487"}],"wp:term":[{"taxonomy":"product_brand","embeddable":true,"href":"https:\/\/bifalo.pl\/en\/wp-json\/wp\/v2\/product_brand?post=21487"},{"taxonomy":"product_cat","embeddable":true,"href":"https:\/\/bifalo.pl\/en\/wp-json\/wp\/v2\/product_cat?post=21487"},{"taxonomy":"product_tag","embeddable":true,"href":"https:\/\/bifalo.pl\/en\/wp-json\/wp\/v2\/product_tag?post=21487"}],"curies":[{"name":"wp","href":"https:\/\/api.w.org\/{rel}","templated":true}]}}