{"id":21472,"date":"2025-02-03T08:25:31","date_gmt":"2025-02-03T07:25:31","guid":{"rendered":"https:\/\/bifalo.pl\/?post_type=product&#038;p=21472"},"modified":"2025-10-21T16:16:26","modified_gmt":"2025-10-21T14:16:26","slug":"sos-pietruszkowy-z-chilli-i-cytryna","status":"publish","type":"product","link":"https:\/\/bifalo.pl\/en\/sklep\/dodatki\/sos-pietruszkowy-z-chilli-i-cytryna\/","title":{"rendered":"Sos pietruszkowy z chilli i cytryn\u0105"},"content":{"rendered":"<p>\u015awie\u017cy sos pietruszkowy z ostr\u0105 nut\u0105 chilli i delikatnym aromatem cytryny to \u015bwietny dodatek do mi\u0119s i stek\u00f3w. Idealnie podkre\u015bla smak grillowanych mi\u0119s, dodaj\u0105c im wyrazisto\u015bci i \u015bwie\u017co\u015bci.<\/p>","protected":false},"excerpt":{"rendered":"<p>\u015awie\u017cy sos pietruszkowy z nut\u0105 chilli i cytryny<\/p>","protected":false},"featured_media":21609,"comment_status":"open","ping_status":"closed","template":"","meta":{"_acf_changed":false,"inline_featured_image":false},"product_brand":[],"product_cat":[270],"product_tag":[],"class_list":{"0":"post-21472","1":"product","2":"type-product","3":"status-publish","4":"has-post-thumbnail","6":"product_cat-dodatki","8":"first","9":"instock","10":"shipping-taxable","11":"purchasable","12":"product-type-simple"},"acf":[],"_links":{"self":[{"href":"https:\/\/bifalo.pl\/en\/wp-json\/wp\/v2\/product\/21472","targetHints":{"allow":["GET"]}}],"collection":[{"href":"https:\/\/bifalo.pl\/en\/wp-json\/wp\/v2\/product"}],"about":[{"href":"https:\/\/bifalo.pl\/en\/wp-json\/wp\/v2\/types\/product"}],"replies":[{"embeddable":true,"href":"https:\/\/bifalo.pl\/en\/wp-json\/wp\/v2\/comments?post=21472"}],"version-history":[{"count":2,"href":"https:\/\/bifalo.pl\/en\/wp-json\/wp\/v2\/product\/21472\/revisions"}],"predecessor-version":[{"id":21544,"href":"https:\/\/bifalo.pl\/en\/wp-json\/wp\/v2\/product\/21472\/revisions\/21544"}],"wp:featuredmedia":[{"embeddable":true,"href":"https:\/\/bifalo.pl\/en\/wp-json\/wp\/v2\/media\/21609"}],"wp:attachment":[{"href":"https:\/\/bifalo.pl\/en\/wp-json\/wp\/v2\/media?parent=21472"}],"wp:term":[{"taxonomy":"product_brand","embeddable":true,"href":"https:\/\/bifalo.pl\/en\/wp-json\/wp\/v2\/product_brand?post=21472"},{"taxonomy":"product_cat","embeddable":true,"href":"https:\/\/bifalo.pl\/en\/wp-json\/wp\/v2\/product_cat?post=21472"},{"taxonomy":"product_tag","embeddable":true,"href":"https:\/\/bifalo.pl\/en\/wp-json\/wp\/v2\/product_tag?post=21472"}],"curies":[{"name":"wp","href":"https:\/\/api.w.org\/{rel}","templated":true}]}}