{"id":21467,"date":"2024-09-13T17:03:23","date_gmt":"2024-09-13T15:03:23","guid":{"rendered":"https:\/\/bifalo.pl\/?post_type=product&#038;p=21467"},"modified":"2025-10-21T16:23:32","modified_gmt":"2025-10-21T14:23:32","slug":"podpreze-z-czosnkiem-i-rozmarynem","status":"publish","type":"product","link":"https:\/\/bifalo.pl\/en\/sklep\/dodatki\/podpreze-z-czosnkiem-i-rozmarynem\/","title":{"rendered":"T\u0141USZCZ WO\u0141OWY z czosnkiem i rozmarynem"},"content":{"rendered":"<p>Podpr\u0119\u017ce wo\u0142owe z dodatkiem czosnku i rozmarynu to t\u0142uszcz wo\u0142owy, kt\u00f3ry idealnie nadaje si\u0119 do sma\u017cenia. Wzbogacony aromatem czosnku i rozmarynu doskonale komponuje si\u0119 ze smakiem mi\u0119sa.<\/p>","protected":false},"excerpt":{"rendered":"<p>T\u0142uszcz wo\u0142owy do sma\u017cenia, aromatyzowany czosnkiem i rozmarynem.<\/p>","protected":false},"featured_media":21603,"comment_status":"open","ping_status":"closed","template":"","meta":{"_acf_changed":false,"inline_featured_image":false},"product_brand":[],"product_cat":[270],"product_tag":[],"class_list":{"0":"post-21467","1":"product","2":"type-product","3":"status-publish","4":"has-post-thumbnail","6":"product_cat-dodatki","8":"first","9":"instock","10":"shipping-taxable","11":"purchasable","12":"product-type-simple"},"acf":[],"_links":{"self":[{"href":"https:\/\/bifalo.pl\/en\/wp-json\/wp\/v2\/product\/21467","targetHints":{"allow":["GET"]}}],"collection":[{"href":"https:\/\/bifalo.pl\/en\/wp-json\/wp\/v2\/product"}],"about":[{"href":"https:\/\/bifalo.pl\/en\/wp-json\/wp\/v2\/types\/product"}],"replies":[{"embeddable":true,"href":"https:\/\/bifalo.pl\/en\/wp-json\/wp\/v2\/comments?post=21467"}],"version-history":[{"count":5,"href":"https:\/\/bifalo.pl\/en\/wp-json\/wp\/v2\/product\/21467\/revisions"}],"predecessor-version":[{"id":21913,"href":"https:\/\/bifalo.pl\/en\/wp-json\/wp\/v2\/product\/21467\/revisions\/21913"}],"wp:featuredmedia":[{"embeddable":true,"href":"https:\/\/bifalo.pl\/en\/wp-json\/wp\/v2\/media\/21603"}],"wp:attachment":[{"href":"https:\/\/bifalo.pl\/en\/wp-json\/wp\/v2\/media?parent=21467"}],"wp:term":[{"taxonomy":"product_brand","embeddable":true,"href":"https:\/\/bifalo.pl\/en\/wp-json\/wp\/v2\/product_brand?post=21467"},{"taxonomy":"product_cat","embeddable":true,"href":"https:\/\/bifalo.pl\/en\/wp-json\/wp\/v2\/product_cat?post=21467"},{"taxonomy":"product_tag","embeddable":true,"href":"https:\/\/bifalo.pl\/en\/wp-json\/wp\/v2\/product_tag?post=21467"}],"curies":[{"name":"wp","href":"https:\/\/api.w.org\/{rel}","templated":true}]}}