{"id":21463,"date":"2024-09-13T16:53:55","date_gmt":"2024-09-13T14:53:55","guid":{"rendered":"https:\/\/bifalo.pl\/?post_type=product&#038;p=21463"},"modified":"2025-10-21T16:24:24","modified_gmt":"2025-10-21T14:24:24","slug":"boczek-wolowy-05-kg","status":"publish","type":"product","link":"https:\/\/bifalo.pl\/en\/sklep\/wolowina\/boczek-wolowy-05-kg\/","title":{"rendered":"Boczek wo\u0142owy 0,5 kg"},"content":{"rendered":"<p>Boczek wo\u0142owy o wadze 500 g to soczysty i aromatyczny kawa\u0142ek mi\u0119sa, kt\u00f3ry idealnie nadaje si\u0119 do grillowania, pieczenia lub sma\u017cenia. Doskona\u0142y jako dodatek do da\u0144 lub jako samodzielne danie.<\/p>","protected":false},"excerpt":{"rendered":"<p>Boczek wo\u0142owy o wadze 500 g, soczysty i aromatyczny<\/p>","protected":false},"featured_media":21558,"comment_status":"open","ping_status":"closed","template":"","meta":{"_acf_changed":false,"inline_featured_image":false},"product_brand":[],"product_cat":[264,229],"product_tag":[],"class_list":{"0":"post-21463","1":"product","2":"type-product","3":"status-publish","4":"has-post-thumbnail","6":"product_cat-przetwory-z-wolowiny","7":"product_cat-wolowina","9":"first","10":"instock","11":"shipping-taxable","12":"purchasable","13":"product-type-simple"},"acf":[],"_links":{"self":[{"href":"https:\/\/bifalo.pl\/en\/wp-json\/wp\/v2\/product\/21463","targetHints":{"allow":["GET"]}}],"collection":[{"href":"https:\/\/bifalo.pl\/en\/wp-json\/wp\/v2\/product"}],"about":[{"href":"https:\/\/bifalo.pl\/en\/wp-json\/wp\/v2\/types\/product"}],"replies":[{"embeddable":true,"href":"https:\/\/bifalo.pl\/en\/wp-json\/wp\/v2\/comments?post=21463"}],"version-history":[{"count":1,"href":"https:\/\/bifalo.pl\/en\/wp-json\/wp\/v2\/product\/21463\/revisions"}],"predecessor-version":[{"id":21464,"href":"https:\/\/bifalo.pl\/en\/wp-json\/wp\/v2\/product\/21463\/revisions\/21464"}],"wp:featuredmedia":[{"embeddable":true,"href":"https:\/\/bifalo.pl\/en\/wp-json\/wp\/v2\/media\/21558"}],"wp:attachment":[{"href":"https:\/\/bifalo.pl\/en\/wp-json\/wp\/v2\/media?parent=21463"}],"wp:term":[{"taxonomy":"product_brand","embeddable":true,"href":"https:\/\/bifalo.pl\/en\/wp-json\/wp\/v2\/product_brand?post=21463"},{"taxonomy":"product_cat","embeddable":true,"href":"https:\/\/bifalo.pl\/en\/wp-json\/wp\/v2\/product_cat?post=21463"},{"taxonomy":"product_tag","embeddable":true,"href":"https:\/\/bifalo.pl\/en\/wp-json\/wp\/v2\/product_tag?post=21463"}],"curies":[{"name":"wp","href":"https:\/\/api.w.org\/{rel}","templated":true}]}}