{"id":21459,"date":"2024-09-13T16:49:17","date_gmt":"2024-09-13T14:49:17","guid":{"rendered":"https:\/\/bifalo.pl\/?post_type=product&#038;p=21459"},"modified":"2025-10-21T16:27:10","modified_gmt":"2025-10-21T14:27:10","slug":"burgery-220-g-z-30-miesem-sezonowanym","status":"publish","type":"product","link":"https:\/\/bifalo.pl\/en\/sklep\/wolowina\/burgery-220-g-z-30-miesem-sezonowanym\/","title":{"rendered":"Burgery 220 g z 30% mi\u0119sem sezonowanym"},"content":{"rendered":"<p>Burgery wo\u0142owe o wadze 220g z 30% zawarto\u015bci\u0105 mi\u0119sa sezonowanego na sucho to gwarancja unikalnego smaku i wyj\u0105tkowej soczysto\u015bci. Perfekcyjnie komponuj\u0105 si\u0119 z naszymi dodatkami.<\/p>","protected":false},"excerpt":{"rendered":"<p>Burgery 220g z dodatkiem 30% mi\u0119sa sezonowanego na sucho<\/p>","protected":false},"featured_media":21588,"comment_status":"open","ping_status":"closed","template":"","meta":{"_acf_changed":false,"inline_featured_image":false},"product_brand":[],"product_cat":[229],"product_tag":[],"class_list":{"0":"post-21459","1":"product","2":"type-product","3":"status-publish","4":"has-post-thumbnail","6":"product_cat-wolowina","8":"first","9":"instock","10":"shipping-taxable","11":"purchasable","12":"product-type-simple"},"acf":[],"_links":{"self":[{"href":"https:\/\/bifalo.pl\/en\/wp-json\/wp\/v2\/product\/21459","targetHints":{"allow":["GET"]}}],"collection":[{"href":"https:\/\/bifalo.pl\/en\/wp-json\/wp\/v2\/product"}],"about":[{"href":"https:\/\/bifalo.pl\/en\/wp-json\/wp\/v2\/types\/product"}],"replies":[{"embeddable":true,"href":"https:\/\/bifalo.pl\/en\/wp-json\/wp\/v2\/comments?post=21459"}],"version-history":[{"count":3,"href":"https:\/\/bifalo.pl\/en\/wp-json\/wp\/v2\/product\/21459\/revisions"}],"predecessor-version":[{"id":22021,"href":"https:\/\/bifalo.pl\/en\/wp-json\/wp\/v2\/product\/21459\/revisions\/22021"}],"wp:featuredmedia":[{"embeddable":true,"href":"https:\/\/bifalo.pl\/en\/wp-json\/wp\/v2\/media\/21588"}],"wp:attachment":[{"href":"https:\/\/bifalo.pl\/en\/wp-json\/wp\/v2\/media?parent=21459"}],"wp:term":[{"taxonomy":"product_brand","embeddable":true,"href":"https:\/\/bifalo.pl\/en\/wp-json\/wp\/v2\/product_brand?post=21459"},{"taxonomy":"product_cat","embeddable":true,"href":"https:\/\/bifalo.pl\/en\/wp-json\/wp\/v2\/product_cat?post=21459"},{"taxonomy":"product_tag","embeddable":true,"href":"https:\/\/bifalo.pl\/en\/wp-json\/wp\/v2\/product_tag?post=21459"}],"curies":[{"name":"wp","href":"https:\/\/api.w.org\/{rel}","templated":true}]}}