{"id":21457,"date":"2024-09-13T16:47:17","date_gmt":"2024-09-13T14:47:17","guid":{"rendered":"https:\/\/bifalo.pl\/?post_type=product&#038;p=21457"},"modified":"2025-10-21T16:52:43","modified_gmt":"2025-10-21T14:52:43","slug":"burgery-220-g-z-rozbratla-jasnego-cegly","status":"publish","type":"product","link":"https:\/\/bifalo.pl\/en\/sklep\/wolowina\/burgery-220-g-z-rozbratla-jasnego-cegly\/","title":{"rendered":"Burgery 220 g z rozbratla jasnego ceg\u0142y"},"content":{"rendered":"<p>Burgery wo\u0142owe 220g wykonane z rozbratla jasnego gwarantuj\u0105 unikalny smak i tekstur\u0119. Delikatnie przyprawione, idealnie nadaj\u0105 si\u0119 na grilla lub do sma\u017cenia, zapewniaj\u0105c idealnie soczyste mi\u0119so o wyra\u017anym smaku.<\/p>","protected":false},"excerpt":{"rendered":"<p>Burgery wo\u0142owe 220g z rozbratla jasnego<\/p>","protected":false},"featured_media":21588,"comment_status":"open","ping_status":"closed","template":"","meta":{"_acf_changed":false,"inline_featured_image":false},"product_brand":[],"product_cat":[229],"product_tag":[],"class_list":{"0":"post-21457","1":"product","2":"type-product","3":"status-publish","4":"has-post-thumbnail","6":"product_cat-wolowina","8":"first","9":"instock","10":"shipping-taxable","11":"purchasable","12":"product-type-simple"},"acf":[],"_links":{"self":[{"href":"https:\/\/bifalo.pl\/en\/wp-json\/wp\/v2\/product\/21457","targetHints":{"allow":["GET"]}}],"collection":[{"href":"https:\/\/bifalo.pl\/en\/wp-json\/wp\/v2\/product"}],"about":[{"href":"https:\/\/bifalo.pl\/en\/wp-json\/wp\/v2\/types\/product"}],"replies":[{"embeddable":true,"href":"https:\/\/bifalo.pl\/en\/wp-json\/wp\/v2\/comments?post=21457"}],"version-history":[{"count":2,"href":"https:\/\/bifalo.pl\/en\/wp-json\/wp\/v2\/product\/21457\/revisions"}],"predecessor-version":[{"id":21536,"href":"https:\/\/bifalo.pl\/en\/wp-json\/wp\/v2\/product\/21457\/revisions\/21536"}],"wp:featuredmedia":[{"embeddable":true,"href":"https:\/\/bifalo.pl\/en\/wp-json\/wp\/v2\/media\/21588"}],"wp:attachment":[{"href":"https:\/\/bifalo.pl\/en\/wp-json\/wp\/v2\/media?parent=21457"}],"wp:term":[{"taxonomy":"product_brand","embeddable":true,"href":"https:\/\/bifalo.pl\/en\/wp-json\/wp\/v2\/product_brand?post=21457"},{"taxonomy":"product_cat","embeddable":true,"href":"https:\/\/bifalo.pl\/en\/wp-json\/wp\/v2\/product_cat?post=21457"},{"taxonomy":"product_tag","embeddable":true,"href":"https:\/\/bifalo.pl\/en\/wp-json\/wp\/v2\/product_tag?post=21457"}],"curies":[{"name":"wp","href":"https:\/\/api.w.org\/{rel}","templated":true}]}}