{"id":21455,"date":"2024-09-13T16:46:22","date_gmt":"2024-09-13T14:46:22","guid":{"rendered":"https:\/\/bifalo.pl\/?post_type=product&#038;p=21455"},"modified":"2025-10-21T17:08:55","modified_gmt":"2025-10-21T15:08:55","slug":"burgery-220g-przyprawione","status":"publish","type":"product","link":"https:\/\/bifalo.pl\/en\/sklep\/wolowina\/burgery-220g-przyprawione\/","title":{"rendered":"Burgery 220g przyprawione"},"content":{"rendered":"<p>Przyprawione burgery wo\u0142owe o wadze 220g s\u0105 gotowe do grillowania lub sma\u017cenia. Idealne do stworzenia soczystych, domowych burger\u00f3w o intensywnym smaku.<\/p>","protected":false},"excerpt":{"rendered":"<p>Wo\u0142owe burgery o wadze 220g, przyprawione.<\/p>","protected":false},"featured_media":21588,"comment_status":"open","ping_status":"closed","template":"","meta":{"_acf_changed":false,"inline_featured_image":false},"product_brand":[],"product_cat":[229],"product_tag":[],"class_list":{"0":"post-21455","1":"product","2":"type-product","3":"status-publish","4":"has-post-thumbnail","6":"product_cat-wolowina","8":"first","9":"instock","10":"shipping-taxable","11":"purchasable","12":"product-type-simple"},"acf":[],"_links":{"self":[{"href":"https:\/\/bifalo.pl\/en\/wp-json\/wp\/v2\/product\/21455","targetHints":{"allow":["GET"]}}],"collection":[{"href":"https:\/\/bifalo.pl\/en\/wp-json\/wp\/v2\/product"}],"about":[{"href":"https:\/\/bifalo.pl\/en\/wp-json\/wp\/v2\/types\/product"}],"replies":[{"embeddable":true,"href":"https:\/\/bifalo.pl\/en\/wp-json\/wp\/v2\/comments?post=21455"}],"version-history":[{"count":2,"href":"https:\/\/bifalo.pl\/en\/wp-json\/wp\/v2\/product\/21455\/revisions"}],"predecessor-version":[{"id":21535,"href":"https:\/\/bifalo.pl\/en\/wp-json\/wp\/v2\/product\/21455\/revisions\/21535"}],"wp:featuredmedia":[{"embeddable":true,"href":"https:\/\/bifalo.pl\/en\/wp-json\/wp\/v2\/media\/21588"}],"wp:attachment":[{"href":"https:\/\/bifalo.pl\/en\/wp-json\/wp\/v2\/media?parent=21455"}],"wp:term":[{"taxonomy":"product_brand","embeddable":true,"href":"https:\/\/bifalo.pl\/en\/wp-json\/wp\/v2\/product_brand?post=21455"},{"taxonomy":"product_cat","embeddable":true,"href":"https:\/\/bifalo.pl\/en\/wp-json\/wp\/v2\/product_cat?post=21455"},{"taxonomy":"product_tag","embeddable":true,"href":"https:\/\/bifalo.pl\/en\/wp-json\/wp\/v2\/product_tag?post=21455"}],"curies":[{"name":"wp","href":"https:\/\/api.w.org\/{rel}","templated":true}]}}