{"id":21393,"date":"2024-09-13T15:03:15","date_gmt":"2024-09-13T13:03:15","guid":{"rendered":"https:\/\/bifalo.pl\/?post_type=product&#038;p=21393"},"modified":"2025-10-21T17:48:04","modified_gmt":"2025-10-21T15:48:04","slug":"antrykot-bez-kosci","status":"publish","type":"product","link":"https:\/\/bifalo.pl\/en\/sklep\/steaki\/antrykot-bez-kosci\/","title":{"rendered":"Boneless ribeye"},"content":{"rendered":"<p>Antrykot bez ko\u015bci to mi\u0119so o idealnym stosunku t\u0142uszczu do mi\u0119\u015bni, dzi\u0119ki czemu jest niezwykle soczyste i aromatyczne. Idealnie nadaje si\u0119 do grillowania lub sma\u017cenia.<\/p>","protected":false},"excerpt":{"rendered":"<p>Antrykot sezonowany na sucho, mi\u0119so o g\u0142\u0119bokim smaku i wyra\u017anej strukturze<\/p>","protected":false},"featured_media":21497,"comment_status":"open","ping_status":"closed","template":"","meta":{"_acf_changed":false,"inline_featured_image":false},"product_brand":[],"product_cat":[242],"product_tag":[],"class_list":{"0":"post-21393","1":"product","2":"type-product","3":"status-publish","4":"has-post-thumbnail","6":"product_cat-steaki","8":"first","9":"instock","10":"shipping-taxable","11":"purchasable","12":"product-type-variable"},"acf":[],"_links":{"self":[{"href":"https:\/\/bifalo.pl\/en\/wp-json\/wp\/v2\/product\/21393","targetHints":{"allow":["GET"]}}],"collection":[{"href":"https:\/\/bifalo.pl\/en\/wp-json\/wp\/v2\/product"}],"about":[{"href":"https:\/\/bifalo.pl\/en\/wp-json\/wp\/v2\/types\/product"}],"replies":[{"embeddable":true,"href":"https:\/\/bifalo.pl\/en\/wp-json\/wp\/v2\/comments?post=21393"}],"version-history":[{"count":2,"href":"https:\/\/bifalo.pl\/en\/wp-json\/wp\/v2\/product\/21393\/revisions"}],"predecessor-version":[{"id":21528,"href":"https:\/\/bifalo.pl\/en\/wp-json\/wp\/v2\/product\/21393\/revisions\/21528"}],"wp:featuredmedia":[{"embeddable":true,"href":"https:\/\/bifalo.pl\/en\/wp-json\/wp\/v2\/media\/21497"}],"wp:attachment":[{"href":"https:\/\/bifalo.pl\/en\/wp-json\/wp\/v2\/media?parent=21393"}],"wp:term":[{"taxonomy":"product_brand","embeddable":true,"href":"https:\/\/bifalo.pl\/en\/wp-json\/wp\/v2\/product_brand?post=21393"},{"taxonomy":"product_cat","embeddable":true,"href":"https:\/\/bifalo.pl\/en\/wp-json\/wp\/v2\/product_cat?post=21393"},{"taxonomy":"product_tag","embeddable":true,"href":"https:\/\/bifalo.pl\/en\/wp-json\/wp\/v2\/product_tag?post=21393"}],"curies":[{"name":"wp","href":"https:\/\/api.w.org\/{rel}","templated":true}]}}