{"id":21379,"date":"2024-09-13T14:58:27","date_gmt":"2024-09-13T12:58:27","guid":{"rendered":"https:\/\/bifalo.pl\/?post_type=product&#038;p=21379"},"modified":"2026-02-10T13:51:19","modified_gmt":"2026-02-10T12:51:19","slug":"rostbef-z-koscia","status":"publish","type":"product","link":"https:\/\/bifalo.pl\/en\/sklep\/steaki\/rostbef-z-koscia\/","title":{"rendered":"Bone-in striploin"},"content":{"rendered":"<p>Rostbef z ko\u015bci\u0105 charakteryzuje si\u0119 wyra\u017anym smakiem i idealnym balansem t\u0142uszczu. Podczas pieczenie czy grillowania zachowuj\u0105 wyj\u0105tkowy smak i soczysto\u015b\u0107<\/p>","protected":false},"excerpt":{"rendered":"<p>Rostbef z ko\u015bci\u0105 o wyj\u0105tkowej strukturze mi\u0119sa, zdecydowanym smaku. Sezonowany na sucho<\/p>","protected":false},"featured_media":22062,"comment_status":"open","ping_status":"closed","template":"","meta":{"_acf_changed":false,"inline_featured_image":false},"product_brand":[],"product_cat":[242],"product_tag":[],"class_list":{"0":"post-21379","1":"product","2":"type-product","3":"status-publish","4":"has-post-thumbnail","6":"product_cat-steaki","8":"first","9":"instock","10":"shipping-taxable","11":"purchasable","12":"product-type-variable"},"acf":[],"_links":{"self":[{"href":"https:\/\/bifalo.pl\/en\/wp-json\/wp\/v2\/product\/21379","targetHints":{"allow":["GET"]}}],"collection":[{"href":"https:\/\/bifalo.pl\/en\/wp-json\/wp\/v2\/product"}],"about":[{"href":"https:\/\/bifalo.pl\/en\/wp-json\/wp\/v2\/types\/product"}],"replies":[{"embeddable":true,"href":"https:\/\/bifalo.pl\/en\/wp-json\/wp\/v2\/comments?post=21379"}],"version-history":[{"count":3,"href":"https:\/\/bifalo.pl\/en\/wp-json\/wp\/v2\/product\/21379\/revisions"}],"predecessor-version":[{"id":22023,"href":"https:\/\/bifalo.pl\/en\/wp-json\/wp\/v2\/product\/21379\/revisions\/22023"}],"wp:featuredmedia":[{"embeddable":true,"href":"https:\/\/bifalo.pl\/en\/wp-json\/wp\/v2\/media\/22062"}],"wp:attachment":[{"href":"https:\/\/bifalo.pl\/en\/wp-json\/wp\/v2\/media?parent=21379"}],"wp:term":[{"taxonomy":"product_brand","embeddable":true,"href":"https:\/\/bifalo.pl\/en\/wp-json\/wp\/v2\/product_brand?post=21379"},{"taxonomy":"product_cat","embeddable":true,"href":"https:\/\/bifalo.pl\/en\/wp-json\/wp\/v2\/product_cat?post=21379"},{"taxonomy":"product_tag","embeddable":true,"href":"https:\/\/bifalo.pl\/en\/wp-json\/wp\/v2\/product_tag?post=21379"}],"curies":[{"name":"wp","href":"https:\/\/api.w.org\/{rel}","templated":true}]}}