{"id":21329,"date":"2024-09-12T14:08:11","date_gmt":"2024-09-12T12:08:11","guid":{"rendered":"https:\/\/bifalo.pl\/?post_type=product&#038;p=21329"},"modified":"2025-10-21T17:46:13","modified_gmt":"2025-10-21T15:46:13","slug":"antrykot-z-koscia","status":"publish","type":"product","link":"https:\/\/bifalo.pl\/en\/sklep\/steaki\/antrykot-z-koscia\/","title":{"rendered":"Bone-in ribeye"},"content":{"rendered":"<p>Antrykot z ko\u015bci\u0105 o wadze 500g, sezonowany przez 30 dni w odpowiednio dobranych warunkach, co zapewnia wyj\u0105tkowy smak i struktur\u0119. Antrykot z ko\u015bci\u0105 idealnie nadaje si\u0119 do grillowania lub pieczenia.<\/p>","protected":false},"excerpt":{"rendered":"<p>Sezonowany na sucho, przez 30 dni, antrykot o wadze 500g<\/p>","protected":false},"featured_media":22026,"comment_status":"open","ping_status":"closed","template":"","meta":{"_acf_changed":false,"inline_featured_image":false},"product_brand":[],"product_cat":[242],"product_tag":[],"class_list":{"0":"post-21329","1":"product","2":"type-product","3":"status-publish","4":"has-post-thumbnail","6":"product_cat-steaki","8":"first","9":"instock","10":"shipping-taxable","11":"purchasable","12":"product-type-variable"},"acf":[],"_links":{"self":[{"href":"https:\/\/bifalo.pl\/en\/wp-json\/wp\/v2\/product\/21329","targetHints":{"allow":["GET"]}}],"collection":[{"href":"https:\/\/bifalo.pl\/en\/wp-json\/wp\/v2\/product"}],"about":[{"href":"https:\/\/bifalo.pl\/en\/wp-json\/wp\/v2\/types\/product"}],"replies":[{"embeddable":true,"href":"https:\/\/bifalo.pl\/en\/wp-json\/wp\/v2\/comments?post=21329"}],"version-history":[{"count":2,"href":"https:\/\/bifalo.pl\/en\/wp-json\/wp\/v2\/product\/21329\/revisions"}],"predecessor-version":[{"id":21522,"href":"https:\/\/bifalo.pl\/en\/wp-json\/wp\/v2\/product\/21329\/revisions\/21522"}],"wp:featuredmedia":[{"embeddable":true,"href":"https:\/\/bifalo.pl\/en\/wp-json\/wp\/v2\/media\/22026"}],"wp:attachment":[{"href":"https:\/\/bifalo.pl\/en\/wp-json\/wp\/v2\/media?parent=21329"}],"wp:term":[{"taxonomy":"product_brand","embeddable":true,"href":"https:\/\/bifalo.pl\/en\/wp-json\/wp\/v2\/product_brand?post=21329"},{"taxonomy":"product_cat","embeddable":true,"href":"https:\/\/bifalo.pl\/en\/wp-json\/wp\/v2\/product_cat?post=21329"},{"taxonomy":"product_tag","embeddable":true,"href":"https:\/\/bifalo.pl\/en\/wp-json\/wp\/v2\/product_tag?post=21329"}],"curies":[{"name":"wp","href":"https:\/\/api.w.org\/{rel}","templated":true}]}}