{"id":21273,"date":"2024-09-12T14:09:57","date_gmt":"2024-09-12T12:09:57","guid":{"rendered":"https:\/\/bifalo.pl\/?post_type=product&#038;p=21273"},"modified":"2025-10-21T17:47:24","modified_gmt":"2025-10-21T15:47:24","slug":"t-bone","status":"publish","type":"product","link":"https:\/\/bifalo.pl\/en\/sklep\/steaki\/t-bone\/","title":{"rendered":"T-bone"},"content":{"rendered":"<p>Stek T-bone to jeden z najbardziej rozpoznawalnych stek\u00f3w. Nasz Tbone to sezonowany na sucho kawa\u0142ek o wadze 500g. Dzi\u0119ki odpowiednim warunkom dojrzewania, nasza wo\u0142owina zyskuje g\u0142\u0119boki smak i wyj\u0105tkow\u0105 struktur\u0119<\/p>","protected":false},"excerpt":{"rendered":"<p>Sezonowany 30 dni, na sucho, stek T-bone.<\/p>","protected":false},"featured_media":21581,"comment_status":"open","ping_status":"closed","template":"","meta":{"_acf_changed":false,"inline_featured_image":false},"product_brand":[],"product_cat":[242],"product_tag":[],"class_list":{"0":"post-21273","1":"product","2":"type-product","3":"status-publish","4":"has-post-thumbnail","6":"product_cat-steaki","8":"first","9":"instock","10":"shipping-taxable","11":"purchasable","12":"product-type-variable"},"acf":[],"_links":{"self":[{"href":"https:\/\/bifalo.pl\/en\/wp-json\/wp\/v2\/product\/21273","targetHints":{"allow":["GET"]}}],"collection":[{"href":"https:\/\/bifalo.pl\/en\/wp-json\/wp\/v2\/product"}],"about":[{"href":"https:\/\/bifalo.pl\/en\/wp-json\/wp\/v2\/types\/product"}],"replies":[{"embeddable":true,"href":"https:\/\/bifalo.pl\/en\/wp-json\/wp\/v2\/comments?post=21273"}],"version-history":[{"count":11,"href":"https:\/\/bifalo.pl\/en\/wp-json\/wp\/v2\/product\/21273\/revisions"}],"predecessor-version":[{"id":21521,"href":"https:\/\/bifalo.pl\/en\/wp-json\/wp\/v2\/product\/21273\/revisions\/21521"}],"wp:featuredmedia":[{"embeddable":true,"href":"https:\/\/bifalo.pl\/en\/wp-json\/wp\/v2\/media\/21581"}],"wp:attachment":[{"href":"https:\/\/bifalo.pl\/en\/wp-json\/wp\/v2\/media?parent=21273"}],"wp:term":[{"taxonomy":"product_brand","embeddable":true,"href":"https:\/\/bifalo.pl\/en\/wp-json\/wp\/v2\/product_brand?post=21273"},{"taxonomy":"product_cat","embeddable":true,"href":"https:\/\/bifalo.pl\/en\/wp-json\/wp\/v2\/product_cat?post=21273"},{"taxonomy":"product_tag","embeddable":true,"href":"https:\/\/bifalo.pl\/en\/wp-json\/wp\/v2\/product_tag?post=21273"}],"curies":[{"name":"wp","href":"https:\/\/api.w.org\/{rel}","templated":true}]}}