{"id":20092,"date":"2023-01-12T12:15:21","date_gmt":"2023-01-12T11:15:21","guid":{"rendered":"https:\/\/bifalo.pl\/?page_id=20092"},"modified":"2024-07-26T14:30:38","modified_gmt":"2024-07-26T12:30:38","slug":"horeca","status":"publish","type":"page","link":"https:\/\/bifalo.pl\/en\/horeca\/","title":{"rendered":"HORECA"},"content":{"rendered":"<div data-elementor-type=\"wp-page\" data-elementor-id=\"20092\" class=\"elementor elementor-20092\" data-elementor-post-type=\"page\">\n\t\t\t\t\t\t<section class=\"elementor-section elementor-top-section elementor-element elementor-element-d158da4 scheme_dark elementor-section-boxed elementor-section-height-default elementor-section-height-default sc_fly_static\" data-id=\"d158da4\" data-element_type=\"section\" data-e-type=\"section\" data-settings=\"{&quot;background_background&quot;:&quot;classic&quot;}\">\n\t\t\t\t\t\t\t<div class=\"elementor-background-overlay\"><\/div>\n\t\t\t\t\t\t\t<div class=\"elementor-container elementor-column-gap-default\">\n\t\t\t\t\t<div class=\"elementor-column elementor-col-100 elementor-top-column elementor-element elementor-element-6ab1a54 sc_layouts_column_align_right sc_layouts_column sc-mobile_layouts_column_align_left sc_layouts_column sc_inner_width_none sc_content_align_inherit sc_layouts_column_icons_position_left sc_fly_static\" data-id=\"6ab1a54\" data-element_type=\"column\" data-e-type=\"column\">\n\t\t\t<div class=\"elementor-widget-wrap elementor-element-populated\">\n\t\t\t\t\t\t<div class=\"elementor-element elementor-element-f594a61 sc_height_huge sc_fly_static elementor-widget elementor-widget-spacer\" data-id=\"f594a61\" data-element_type=\"widget\" data-e-type=\"widget\" data-widget_type=\"spacer.default\">\n\t\t\t\t<div class=\"elementor-widget-container\">\n\t\t\t\t\t\t\t<div class=\"elementor-spacer\">\n\t\t\t<div class=\"elementor-spacer-inner\"><\/div>\n\t\t<\/div>\n\t\t\t\t\t\t<\/div>\n\t\t\t\t<\/div>\n\t\t\t\t<div class=\"elementor-element elementor-element-9d69348 sc_height_large sc_layouts_hide_on_tablet sc_layouts_hide_on_mobile sc_fly_static elementor-widget elementor-widget-spacer\" data-id=\"9d69348\" data-element_type=\"widget\" data-e-type=\"widget\" data-widget_type=\"spacer.default\">\n\t\t\t\t<div class=\"elementor-widget-container\">\n\t\t\t\t\t\t\t<div class=\"elementor-spacer\">\n\t\t\t<div class=\"elementor-spacer-inner\"><\/div>\n\t\t<\/div>\n\t\t\t\t\t\t<\/div>\n\t\t\t\t<\/div>\n\t\t\t\t<div class=\"elementor-element elementor-element-b87869f sc_fly_static elementor-widget elementor-widget-trx_sc_title\" data-id=\"b87869f\" data-element_type=\"widget\" data-e-type=\"widget\" data-widget_type=\"trx_sc_title.default\">\n\t\t\t\t<div class=\"elementor-widget-container\">\n\t\t\t\t\t<div\t\tclass=\"sc_title sc_title_default\" ><span class=\"sc_item_subtitle sc_title_subtitle sc_align_center sc_item_subtitle_above sc_item_title_style_default\">HOTELS, RESTAURANTS, CATERING<\/span><h1 class=\"sc_item_title sc_title_title sc_align_center sc_item_title_style_default sc_item_title_tag\"\r\n\t\t\t><span class=\"sc_item_title_text\">gastronomy is the field <br> of our possibilities<\/span><\/h1><\/div>\t\t\t\t<\/div>\n\t\t\t\t<\/div>\n\t\t\t\t<div class=\"elementor-element elementor-element-dd75b61 sc_fly_static elementor-widget elementor-widget-spacer\" data-id=\"dd75b61\" data-element_type=\"widget\" data-e-type=\"widget\" data-widget_type=\"spacer.default\">\n\t\t\t\t<div class=\"elementor-widget-container\">\n\t\t\t\t\t\t\t<div class=\"elementor-spacer\">\n\t\t\t<div class=\"elementor-spacer-inner\"><\/div>\n\t\t<\/div>\n\t\t\t\t\t\t<\/div>\n\t\t\t\t<\/div>\n\t\t\t\t<div class=\"elementor-element elementor-element-26a071c sc_fly_static elementor-widget elementor-widget-text-editor\" data-id=\"26a071c\" data-element_type=\"widget\" data-e-type=\"widget\" data-widget_type=\"text-editor.default\">\n\t\t\t\t<div class=\"elementor-widget-container\">\n\t\t\t\t\t\t\t\t\t<p>Our beef is the top choice among chefs from around the world.<br \/>They trust us, and we deliver the quality they expect for every customer of their restaurant, hotel or bar.<\/p>\t\t\t\t\t\t\t\t<\/div>\n\t\t\t\t<\/div>\n\t\t\t\t<div class=\"elementor-element elementor-element-17fa1d0 sc_fly_static elementor-widget elementor-widget-spacer\" data-id=\"17fa1d0\" data-element_type=\"widget\" data-e-type=\"widget\" data-widget_type=\"spacer.default\">\n\t\t\t\t<div class=\"elementor-widget-container\">\n\t\t\t\t\t\t\t<div class=\"elementor-spacer\">\n\t\t\t<div class=\"elementor-spacer-inner\"><\/div>\n\t\t<\/div>\n\t\t\t\t\t\t<\/div>\n\t\t\t\t<\/div>\n\t\t\t\t<div class=\"elementor-element elementor-element-13ee4c7 sc_height_huge sc_fly_static elementor-widget elementor-widget-spacer\" data-id=\"13ee4c7\" data-element_type=\"widget\" data-e-type=\"widget\" data-widget_type=\"spacer.default\">\n\t\t\t\t<div class=\"elementor-widget-container\">\n\t\t\t\t\t\t\t<div class=\"elementor-spacer\">\n\t\t\t<div class=\"elementor-spacer-inner\"><\/div>\n\t\t<\/div>\n\t\t\t\t\t\t<\/div>\n\t\t\t\t<\/div>\n\t\t\t\t<div class=\"elementor-element elementor-element-eeb0213 sc_height_large sc_layouts_hide_on_tablet sc_layouts_hide_on_mobile sc_fly_static elementor-widget elementor-widget-spacer\" data-id=\"eeb0213\" data-element_type=\"widget\" data-e-type=\"widget\" data-widget_type=\"spacer.default\">\n\t\t\t\t<div class=\"elementor-widget-container\">\n\t\t\t\t\t\t\t<div class=\"elementor-spacer\">\n\t\t\t<div class=\"elementor-spacer-inner\"><\/div>\n\t\t<\/div>\n\t\t\t\t\t\t<\/div>\n\t\t\t\t<\/div>\n\t\t\t\t\t<\/div>\n\t\t<\/div>\n\t\t\t\t\t<\/div>\n\t\t<\/section>\n\t\t\t\t<section class=\"elementor-section elementor-top-section elementor-element elementor-element-454a2dd elementor-section-stretched elementor-section-boxed elementor-section-height-default elementor-section-height-default sc_fly_static\" data-id=\"454a2dd\" data-element_type=\"section\" data-e-type=\"section\" data-settings=\"{&quot;stretch_section&quot;:&quot;section-stretched&quot;,&quot;background_background&quot;:&quot;classic&quot;}\">\n\t\t\t\t\t\t<div class=\"elementor-container elementor-column-gap-extended\">\n\t\t\t\t\t<div class=\"elementor-column elementor-col-100 elementor-top-column elementor-element elementor-element-c9756e0 sc_inner_width_none sc_content_align_inherit sc_layouts_column_icons_position_left sc_fly_static\" data-id=\"c9756e0\" data-element_type=\"column\" data-e-type=\"column\">\n\t\t\t<div class=\"elementor-widget-wrap elementor-element-populated\">\n\t\t\t\t\t\t<section class=\"elementor-section elementor-inner-section elementor-element elementor-element-1d8d991 elementor-section-boxed elementor-section-height-default elementor-section-height-default sc_fly_static\" data-id=\"1d8d991\" data-element_type=\"section\" data-e-type=\"section\">\n\t\t\t\t\t\t<div class=\"elementor-container elementor-column-gap-no\">\n\t\t\t\t\t<div class=\"elementor-column elementor-col-100 elementor-inner-column elementor-element elementor-element-096cbfb sc_inner_width_none sc_content_align_inherit sc_layouts_column_icons_position_left sc_fly_static\" data-id=\"096cbfb\" data-element_type=\"column\" data-e-type=\"column\">\n\t\t\t<div class=\"elementor-widget-wrap elementor-element-populated\">\n\t\t\t\t\t\t<div class=\"elementor-element elementor-element-5f27912 sc_fly_static elementor-widget elementor-widget-trx_sc_icons\" data-id=\"5f27912\" data-element_type=\"widget\" data-e-type=\"widget\" data-widget_type=\"trx_sc_icons.default\">\n\t\t\t\t<div class=\"elementor-widget-container\">\n\t\t\t\t\t<div \r\n\tclass=\"sc_icons color_style_link2 sc_icons_rounded sc_icons_size_medium sc_align_center\" ><div class=\"sc_icons_columns_wrap sc_item_columns trx_addons_columns_wrap columns_padding_bottom columns_in_single_row\" ><div class=\"trx_addons_column-1_4 trx_addons_column-1_2-tablet\"><div class=\"sc_icons_item\"><div class=\"sc_icons_icon sc_icon_type_svg\" ><svg xmlns=\"http:\/\/www.w3.org\/2000\/svg\" id=\"Warstwa_2\" data-name=\"Warstwa 2\" viewbox=\"0 0 63.24 63.24\"><defs><style>      .cls-1 {        fill: #bf9b3a;      }    <\/style><\/defs><g id=\"Layer_1\" data-name=\"Layer 1\"><g><path class=\"cls-1\" d=\"m46.41,26.24c0,.36-.28.64-.64.64h-1.35c-.36,0-.64-.28-.64-.64s.28-.64.64-.64h1.35c.35,0,.64.29.64.64Z\"><\/path><path class=\"cls-1\" d=\"m38.32,31.63c0,.35-.28.63-.64.63h-21.56c-.36,0-.64-.28-.64-.63s.28-.64.64-.64h21.56c.36,0,.64.28.64.64Z\"><\/path><path class=\"cls-1\" d=\"m22.15,51.84c0,.36-.28.64-.64.64h-5.39c-.36,0-.64-.28-.64-.64s.28-.64.64-.64h5.39c.36,0,.64.28.64.64Z\"><\/path><path class=\"cls-1\" d=\"m45.77,46.28l-3.4-4.54c-.54-.71-1.32-1.17-2.19-1.31-.87-.12-1.75.11-2.48.64-.7.53-1.16,1.31-1.3,2.19-.12.87.11,1.75.64,2.47l6.07,8.11c.63.84,1.63,1.34,2.66,1.34s2.04-.5,2.66-1.34l14.15-18.86c1.1-1.47.8-3.56-.66-4.67-1.47-1.09-3.56-.8-4.66.67l-1.41,1.89V3.33c0-1.84-1.5-3.33-3.33-3.33H9.4c-1.84,0-3.34,1.49-3.34,3.33v.71h-2.74c-1.83,0-3.32,1.5-3.32,3.34v48.5c0,1.83,1.49,3.32,3.32,3.32h2.74v.71c0,1.84,1.49,3.33,3.32,3.33h43.12c1.83,0,3.32-1.49,3.32-3.33v-10.77c0-.36-.28-.64-.64-.64s-.63.28-.63.64v10.77c0,1.14-.93,2.07-2.07,2.07H9.4c-1.14,0-2.07-.93-2.07-2.07V16.8c0-.36-.28-.64-.63-.64s-.64.28-.64.64v41.14h-2.74c-1.14,0-2.06-.93-2.06-2.06V7.38c0-1.14.92-2.07,2.06-2.07h2.74v7.45c0,.36.28.64.64.64s.63-.28.63-.64V3.33c0-1.14.93-2.07,2.07-2.07h43.11c1.14,0,2.06.93,2.06,2.07v31.21l-8.8,11.74Zm12.51-14.54c.69-.91,1.99-1.09,2.89-.41.91.69,1.09,1.98.41,2.88l-14.16,18.87c-.38.51-1,.82-1.65.82s-1.25-.31-1.65-.82l-6.06-8.09c-.33-.44-.47-.98-.4-1.53.08-.54.36-1.02.81-1.36.44-.32.99-.48,1.54-.39.53.07,1.01.36,1.35.8l3.91,5.22c.23.31.76.32,1.03-.01l11.98-15.98Z\"><\/path><path class=\"cls-1\" d=\"m31.58,46.45c0,.35-.28.64-.63.64h-14.83c-.36,0-.64-.28-.64-.64s.28-.64.64-.64h14.83c.35,0,.63.28.63.64Z\"><\/path><path class=\"cls-1\" d=\"m39,18.15c0,.36-.28.64-.64.64h-14.83c-.35,0-.63-.28-.63-.64s.28-.64.63-.64h14.83c.36,0,.64.28.64.64Z\"><\/path><path class=\"cls-1\" d=\"m38.32,26.24c0,.36-.28.64-.64.64h-21.56c-.35,0-.64-.29-.64-.64s.28-.64.64-.64h21.56c.36,0,.64.28.64.64Z\"><\/path><path class=\"cls-1\" d=\"m46.4,12.76c0,.36-.28.64-.64.64h-29.64c-.36,0-.64-.28-.64-.64s.28-.63.64-.63h29.65c.17,0,.33.07.45.19s.18.27.18.44Z\"><\/path><path class=\"cls-1\" d=\"m46.41,31.63c0,.35-.28.63-.64.63h-1.35c-.36,0-.64-.28-.64-.63s.28-.64.64-.64h1.35c.35,0,.64.28.64.64Z\"><\/path><\/g><\/g><\/svg><\/div><div class=\"sc_icons_item_details\"><h4 class=\"sc_icons_item_title\"><span>INDIVIDUALLY CUSTOMIZED OFFER<\/span><\/h4><\/div><\/div><\/div><div class=\"trx_addons_column-1_4 trx_addons_column-1_2-tablet\"><div class=\"sc_icons_item\"><div class=\"sc_icons_icon sc_icon_type_ icon-target-2\" ><span class=\"sc_icon_type_ icon-target-2\"><\/span><\/div><div class=\"sc_icons_item_details\"><h4 class=\"sc_icons_item_title\"><span>OUR SPECIALISTS HELP CUSTOMERS PICK THE MEAT THAT BEST SUITS THEIR NEEDS<\/span><\/h4><\/div><\/div><\/div><div class=\"trx_addons_column-1_4 trx_addons_column-1_2-tablet\"><div class=\"sc_icons_item\"><div class=\"sc_icons_icon sc_icon_type_ icon-deadline\" ><span class=\"sc_icon_type_ icon-deadline\"><\/span><\/div><div class=\"sc_icons_item_details\"><h4 class=\"sc_icons_item_title\"><span>WE DELIVER TO GASTRONOMIC VENUES, FOSTERING THE ON-TRADE FOR YEARS<\/span><\/h4><\/div><\/div><\/div><div class=\"trx_addons_column-1_4 trx_addons_column-1_2-tablet\"><div class=\"sc_icons_item\"><div class=\"sc_icons_icon sc_icon_type_svg\" ><svg xmlns=\"http:\/\/www.w3.org\/2000\/svg\" id=\"Warstwa_2\" data-name=\"Warstwa 2\" viewbox=\"0 0 568.87 678.67\"><defs><style>      .cls-1, .cls-2 {        fill: none;      }      .cls-2 {        stroke: #bf9b3a;        stroke-linecap: round;        stroke-linejoin: round;        stroke-width: 16px;      }    <\/style><\/defs><g id=\"svg3621\"><g><g id=\"g3629\"><path id=\"path3631\" class=\"cls-2\" d=\"m439.06,158.2v464.27h-209.73\"><\/path><\/g><g id=\"g3635\"><g id=\"g3641\"><path id=\"path3643\" class=\"cls-2\" d=\"m179.93,622.4h-67.73V30.67c0-12.53,10.13-22.67,22.67-22.67h281.47c12.53,0,22.67,10.13,22.67,22.67v51.33\"><\/path><\/g><g id=\"g3645\"><path id=\"path3647\" class=\"cls-2\" d=\"m112.12,252.68h326.93\"><\/path><\/g><g id=\"g3649\"><path id=\"path3651\" class=\"cls-2\" d=\"m179.93,622.4h-67.73v32.53c0,8.67,7.07,15.73,15.73,15.73h22c6.4,0,12.13-3.87,14.53-9.73l15.47-38.53Z\"><\/path><\/g><g id=\"g3653\"><path id=\"path3655\" class=\"cls-2\" d=\"m371.26,622.4h67.87v32.53c0,8.67-7.07,15.73-15.73,15.73h-22c-6.4,0-12.13-3.87-14.53-9.73l-15.6-38.53Z\"><\/path><\/g><g id=\"g3657\"><path id=\"path3659\" class=\"cls-2\" d=\"m177.58,195.48h0c-10.53,0-19.2-8.53-19.2-19.2v-58.67c0-10.53,8.53-19.2,19.2-19.2s19.2,8.53,19.2,19.2v58.67c0,10.67-8.53,19.2-19.2,19.2Z\"><\/path><\/g><g id=\"g3661\"><path id=\"path3663\" class=\"cls-2\" d=\"m177.58,393.95h0c-10.53,0-19.2-8.53-19.2-19.2v-58.67c0-10.53,8.53-19.2,19.2-19.2s19.2,8.53,19.2,19.2v58.67c0,10.67-8.53,19.2-19.2,19.2Z\"><\/path><\/g><g id=\"g3665\"><path id=\"path3667\" class=\"cls-2\" d=\"m439.06,130.88v243.6\"><\/path><\/g><g id=\"g3669\"><path id=\"path3671\" class=\"cls-2\" d=\"m415.94,356.14l23.07-23.07,23.2,23.07\"><\/path><\/g><g id=\"g3673\"><path id=\"path3675\" class=\"cls-2\" d=\"m462.18,154.42l-23.07,23.07-23.2-23.07\"><\/path><\/g><g id=\"g3677\"><path id=\"path3679\" class=\"cls-2\" d=\"m560.87,252.68h-243.6\"><\/path><\/g><g id=\"g3681\"><path id=\"path3683\" class=\"cls-2\" d=\"m335.6,229.56l23.07,23.07-23.07,23.2\"><\/path><\/g><g id=\"g3685\"><path id=\"path3687\" class=\"cls-2\" d=\"m537.32,275.8l-23.07-23.07,23.07-23.07\"><\/path><\/g><g id=\"g3689\"><path id=\"path3691\" class=\"cls-2\" d=\"m526.88,164.86l-172.27,172.27\"><\/path><\/g><g id=\"g3693\"><path id=\"path3695\" class=\"cls-2\" d=\"m351.24,307.8h32.67v32.67\"><\/path><\/g><g id=\"g3697\"><path id=\"path3699\" class=\"cls-2\" d=\"m526.58,197.86h-32.67v-32.67\"><\/path><\/g><g id=\"g3701\"><path id=\"path3703\" class=\"cls-2\" d=\"m526.88,340.5l-172.27-172.27\"><\/path><\/g><g id=\"g3705\"><path id=\"path3707\" class=\"cls-2\" d=\"m383.94,164.86v32.67h-32.67\"><\/path><\/g><g id=\"g3709\"><path id=\"path3711\" class=\"cls-2\" d=\"m493.88,340.19v-32.67h32.67\"><\/path><\/g><g id=\"g3713\"><path id=\"path3715\" class=\"cls-2\" d=\"m178.59,438.31v-44.4\"><\/path><\/g><\/g><circle class=\"cls-1\" cx=\"112.12\" cy=\"244.02\" r=\"112.12\"><\/circle><\/g><\/g><\/svg><\/div><div class=\"sc_icons_item_details\"><h4 class=\"sc_icons_item_title\"><span>WE PROVIDE ADDITIONAL STOCK FOR RESTAURANTS<\/span><\/h4><\/div><\/div><\/div><\/div><\/div><!-- \/.sc_icons -->\t\t\t\t<\/div>\n\t\t\t\t<\/div>\n\t\t\t\t\t<\/div>\n\t\t<\/div>\n\t\t\t\t\t<\/div>\n\t\t<\/section>\n\t\t\t\t\t<\/div>\n\t\t<\/div>\n\t\t\t\t\t<\/div>\n\t\t<\/section>\n\t\t\t\t<section class=\"elementor-section elementor-top-section elementor-element elementor-element-5a7169e elementor-section-boxed elementor-section-height-default elementor-section-height-default sc_fly_static\" data-id=\"5a7169e\" data-element_type=\"section\" data-e-type=\"section\">\n\t\t\t\t\t\t<div class=\"elementor-container elementor-column-gap-extended\">\n\t\t\t\t\t<div class=\"elementor-column elementor-col-100 elementor-top-column elementor-element elementor-element-5f7de36 sc_inner_width_none sc_content_align_inherit sc_layouts_column_icons_position_left sc_fly_static\" data-id=\"5f7de36\" data-element_type=\"column\" data-e-type=\"column\">\n\t\t\t<div class=\"elementor-widget-wrap elementor-element-populated\">\n\t\t\t\t\t\t<div class=\"elementor-element elementor-element-24f8b5c1 sc_height_huge sc_fly_static elementor-widget elementor-widget-spacer\" data-id=\"24f8b5c1\" data-element_type=\"widget\" data-e-type=\"widget\" data-widget_type=\"spacer.default\">\n\t\t\t\t<div class=\"elementor-widget-container\">\n\t\t\t\t\t\t\t<div class=\"elementor-spacer\">\n\t\t\t<div class=\"elementor-spacer-inner\"><\/div>\n\t\t<\/div>\n\t\t\t\t\t\t<\/div>\n\t\t\t\t<\/div>\n\t\t\t\t\t<\/div>\n\t\t<\/div>\n\t\t\t\t\t<\/div>\n\t\t<\/section>\n\t\t\t\t<section class=\"elementor-section elementor-top-section elementor-element elementor-element-2037d90 elementor-section-full_width elementor-section-content-middle elementor-section-height-default elementor-section-height-default sc_fly_static\" data-id=\"2037d90\" data-element_type=\"section\" data-e-type=\"section\" data-settings=\"{&quot;background_background&quot;:&quot;classic&quot;}\">\n\t\t\t\t\t\t<div class=\"elementor-container elementor-column-gap-no\">\n\t\t\t\t\t<div class=\"elementor-column elementor-col-50 elementor-top-column elementor-element elementor-element-a723ec3 sc_inner_width_none sc_content_align_inherit sc_layouts_column_icons_position_left sc_fly_static\" data-id=\"a723ec3\" data-element_type=\"column\" data-e-type=\"column\">\n\t\t\t<div class=\"elementor-widget-wrap elementor-element-populated\">\n\t\t\t\t\t\t<div class=\"elementor-element elementor-element-6a5ff95 sc_height_huge sc_fly_static elementor-widget elementor-widget-spacer\" data-id=\"6a5ff95\" data-element_type=\"widget\" data-e-type=\"widget\" data-widget_type=\"spacer.default\">\n\t\t\t\t<div class=\"elementor-widget-container\">\n\t\t\t\t\t\t\t<div class=\"elementor-spacer\">\n\t\t\t<div class=\"elementor-spacer-inner\"><\/div>\n\t\t<\/div>\n\t\t\t\t\t\t<\/div>\n\t\t\t\t<\/div>\n\t\t\t\t<div class=\"elementor-element elementor-element-1614e28 sc_layouts_hide_on_wide sc_layouts_hide_on_desktop sc_layouts_hide_on_notebook sc_layouts_hide_on_tablet sc_fly_static elementor-widget elementor-widget-spacer\" data-id=\"1614e28\" data-element_type=\"widget\" data-e-type=\"widget\" data-widget_type=\"spacer.default\">\n\t\t\t\t<div class=\"elementor-widget-container\">\n\t\t\t\t\t\t\t<div class=\"elementor-spacer\">\n\t\t\t<div class=\"elementor-spacer-inner\"><\/div>\n\t\t<\/div>\n\t\t\t\t\t\t<\/div>\n\t\t\t\t<\/div>\n\t\t\t\t<section class=\"elementor-section elementor-inner-section elementor-element elementor-element-ee54cf0 elementor-section-boxed elementor-section-height-default elementor-section-height-default sc_fly_static\" data-id=\"ee54cf0\" data-element_type=\"section\" data-e-type=\"section\">\n\t\t\t\t\t\t<div class=\"elementor-container elementor-column-gap-no\">\n\t\t\t\t\t<div class=\"elementor-column elementor-col-100 elementor-inner-column elementor-element elementor-element-15d742b sc_inner_width_none sc_content_align_inherit sc_layouts_column_icons_position_left sc_fly_static\" data-id=\"15d742b\" data-element_type=\"column\" data-e-type=\"column\">\n\t\t\t<div class=\"elementor-widget-wrap elementor-element-populated\">\n\t\t\t\t\t\t<div class=\"elementor-element elementor-element-a4bb2c0 sc_fly_static elementor-widget elementor-widget-trx_sc_title\" data-id=\"a4bb2c0\" data-element_type=\"widget\" data-e-type=\"widget\" data-widget_type=\"trx_sc_title.default\">\n\t\t\t\t<div class=\"elementor-widget-container\">\n\t\t\t\t\t<div\t\tclass=\"sc_title sc_title_default\" ><span class=\"sc_item_subtitle sc_title_subtitle sc_align_left sc_item_subtitle_above sc_item_title_style_default\">20 YEARS OF EXPERIENCE<\/span><h1 class=\"sc_item_title sc_title_title sc_align_left sc_item_title_style_default sc_item_title_tag\"\r\n\t\t\t><span class=\"sc_item_title_text\">WE KNOW THE HORECA MARKET INSIDE OUT<\/span><\/h1><\/div>\t\t\t\t<\/div>\n\t\t\t\t<\/div>\n\t\t\t\t<div class=\"elementor-element elementor-element-b07e3b4 sc_fly_static elementor-widget elementor-widget-spacer\" data-id=\"b07e3b4\" data-element_type=\"widget\" data-e-type=\"widget\" data-widget_type=\"spacer.default\">\n\t\t\t\t<div class=\"elementor-widget-container\">\n\t\t\t\t\t\t\t<div class=\"elementor-spacer\">\n\t\t\t<div class=\"elementor-spacer-inner\"><\/div>\n\t\t<\/div>\n\t\t\t\t\t\t<\/div>\n\t\t\t\t<\/div>\n\t\t\t\t<div class=\"elementor-element elementor-element-0ff2f29 sc_fly_static elementor-widget elementor-widget-text-editor\" data-id=\"0ff2f29\" data-element_type=\"widget\" data-e-type=\"widget\" data-widget_type=\"text-editor.default\">\n\t\t\t\t<div class=\"elementor-widget-container\">\n\t\t\t\t\t\t\t\t\t<p>Thanks to 20 years of experience on the Hotel, Restaurant and Catering market, gastronomy is no mystery for us. Do you want to get the best product to serve high-quality steaks or aged beef? Contact us so we can create a customized offer for you and your establishment.<\/p>\t\t\t\t\t\t\t\t<\/div>\n\t\t\t\t<\/div>\n\t\t\t\t<div class=\"elementor-element elementor-element-d09f67d sc_fly_static elementor-widget elementor-widget-spacer\" data-id=\"d09f67d\" data-element_type=\"widget\" data-e-type=\"widget\" data-widget_type=\"spacer.default\">\n\t\t\t\t<div class=\"elementor-widget-container\">\n\t\t\t\t\t\t\t<div class=\"elementor-spacer\">\n\t\t\t<div class=\"elementor-spacer-inner\"><\/div>\n\t\t<\/div>\n\t\t\t\t\t\t<\/div>\n\t\t\t\t<\/div>\n\t\t\t\t<div class=\"elementor-element elementor-element-153b104 sc_fly_static elementor-widget elementor-widget-spacer\" data-id=\"153b104\" data-element_type=\"widget\" data-e-type=\"widget\" data-widget_type=\"spacer.default\">\n\t\t\t\t<div class=\"elementor-widget-container\">\n\t\t\t\t\t\t\t<div class=\"elementor-spacer\">\n\t\t\t<div class=\"elementor-spacer-inner\"><\/div>\n\t\t<\/div>\n\t\t\t\t\t\t<\/div>\n\t\t\t\t<\/div>\n\t\t\t\t<div class=\"elementor-element elementor-element-ed7af21 sc_fly_static elementor-widget elementor-widget-trx_sc_button\" data-id=\"ed7af21\" data-element_type=\"widget\" data-e-type=\"widget\" data-widget_type=\"trx_sc_button.default\">\n\t\t\t\t<div class=\"elementor-widget-container\">\n\t\t\t\t\t<div\tclass=\"sc_item_button sc_button_wrap\" ><a href=\"mailto:kontakt@bifalo.eu\" class=\"sc_button sc_button_bordered sc_button_size_normal sc_button_icon_left color_style_dark\" ><span class=\"sc_button_text\"><span class=\"sc_button_title\">CONTACT<\/span><\/span><\/a><\/div>\t\t\t\t<\/div>\n\t\t\t\t<\/div>\n\t\t\t\t\t<\/div>\n\t\t<\/div>\n\t\t\t\t\t<\/div>\n\t\t<\/section>\n\t\t\t\t<div class=\"elementor-element elementor-element-b1497c0 sc_layouts_hide_on_mobile sc_height_huge sc_fly_static elementor-widget elementor-widget-spacer\" data-id=\"b1497c0\" data-element_type=\"widget\" data-e-type=\"widget\" data-widget_type=\"spacer.default\">\n\t\t\t\t<div class=\"elementor-widget-container\">\n\t\t\t\t\t\t\t<div class=\"elementor-spacer\">\n\t\t\t<div class=\"elementor-spacer-inner\"><\/div>\n\t\t<\/div>\n\t\t\t\t\t\t<\/div>\n\t\t\t\t<\/div>\n\t\t\t\t\t<\/div>\n\t\t<\/div>\n\t\t\t\t<div class=\"elementor-column elementor-col-50 elementor-top-column elementor-element elementor-element-d27deb1 sc_inner_width_none sc_content_align_inherit sc_layouts_column_icons_position_left sc_fly_static\" data-id=\"d27deb1\" data-element_type=\"column\" data-e-type=\"column\" data-settings=\"{&quot;background_background&quot;:&quot;classic&quot;}\">\n\t\t\t<div class=\"elementor-widget-wrap elementor-element-populated\">\n\t\t\t\t\t\t<div class=\"elementor-element elementor-element-3c80389 sc_fly_static elementor-widget elementor-widget-spacer\" data-id=\"3c80389\" data-element_type=\"widget\" data-e-type=\"widget\" data-widget_type=\"spacer.default\">\n\t\t\t\t<div class=\"elementor-widget-container\">\n\t\t\t\t\t\t\t<div class=\"elementor-spacer\">\n\t\t\t<div class=\"elementor-spacer-inner\"><\/div>\n\t\t<\/div>\n\t\t\t\t\t\t<\/div>\n\t\t\t\t<\/div>\n\t\t\t\t\t<\/div>\n\t\t<\/div>\n\t\t\t\t\t<\/div>\n\t\t<\/section>\n\t\t\t\t<section class=\"elementor-section elementor-top-section elementor-element elementor-element-a01148c elementor-section-boxed elementor-section-height-default elementor-section-height-default sc_fly_static\" data-id=\"a01148c\" data-element_type=\"section\" data-e-type=\"section\">\n\t\t\t\t\t\t<div class=\"elementor-container elementor-column-gap-extended\">\n\t\t\t\t\t<div class=\"elementor-column elementor-col-100 elementor-top-column elementor-element elementor-element-1e1e568 sc_inner_width_none sc_content_align_inherit sc_layouts_column_icons_position_left sc_fly_static\" data-id=\"1e1e568\" data-element_type=\"column\" data-e-type=\"column\">\n\t\t\t<div class=\"elementor-widget-wrap elementor-element-populated\">\n\t\t\t\t\t\t<div class=\"elementor-element elementor-element-1972760 sc_height_huge sc_fly_static elementor-widget elementor-widget-spacer\" data-id=\"1972760\" data-element_type=\"widget\" data-e-type=\"widget\" data-widget_type=\"spacer.default\">\n\t\t\t\t<div class=\"elementor-widget-container\">\n\t\t\t\t\t\t\t<div class=\"elementor-spacer\">\n\t\t\t<div class=\"elementor-spacer-inner\"><\/div>\n\t\t<\/div>\n\t\t\t\t\t\t<\/div>\n\t\t\t\t<\/div>\n\t\t\t\t\t<\/div>\n\t\t<\/div>\n\t\t\t\t\t<\/div>\n\t\t<\/section>\n\t\t\t\t<section class=\"elementor-section elementor-top-section elementor-element elementor-element-3f96b52 elementor-section-boxed elementor-section-height-default elementor-section-height-default sc_fly_static\" data-id=\"3f96b52\" data-element_type=\"section\" data-e-type=\"section\">\n\t\t\t\t\t\t<div class=\"elementor-container elementor-column-gap-extended\">\n\t\t\t\t\t<div class=\"elementor-column elementor-col-100 elementor-top-column elementor-element elementor-element-0c25055 sc_inner_width_none sc_content_align_inherit sc_layouts_column_icons_position_left sc_fly_static\" data-id=\"0c25055\" data-element_type=\"column\" data-e-type=\"column\">\n\t\t\t<div class=\"elementor-widget-wrap elementor-element-populated\">\n\t\t\t\t\t\t<div class=\"elementor-element elementor-element-261f5b5 sc_height_huge sc_layouts_hide_on_mobile sc_fly_static elementor-widget elementor-widget-spacer\" data-id=\"261f5b5\" data-element_type=\"widget\" data-e-type=\"widget\" data-widget_type=\"spacer.default\">\n\t\t\t\t<div class=\"elementor-widget-container\">\n\t\t\t\t\t\t\t<div class=\"elementor-spacer\">\n\t\t\t<div class=\"elementor-spacer-inner\"><\/div>\n\t\t<\/div>\n\t\t\t\t\t\t<\/div>\n\t\t\t\t<\/div>\n\t\t\t\t\t<\/div>\n\t\t<\/div>\n\t\t\t\t\t<\/div>\n\t\t<\/section>\n\t\t\t\t<\/div>","protected":false},"excerpt":{"rendered":"<p>Hotele, restaruracje, catering Gastronomia to pole naszych mo\u017cliwo\u015bci Szefowie kuchnia z ca\u0142ego \u015bwiata stawiaj\u0105 na nasz\u0105 wo\u0142owin\u0119.Ufaj\u0105 nam, a my zapewniamy jako\u015b\u0107, kt\u00f3rej oczekuj\u0105 dla ka\u017cdego klienta swojej restauracji, hotelu&hellip;<\/p>","protected":false},"author":1,"featured_media":0,"parent":0,"menu_order":0,"comment_status":"closed","ping_status":"closed","template":"","meta":{"_acf_changed":false,"inline_featured_image":false,"footnotes":""},"class_list":["post-20092","page","type-page","status-publish","hentry"],"acf":[],"_links":{"self":[{"href":"https:\/\/bifalo.pl\/en\/wp-json\/wp\/v2\/pages\/20092","targetHints":{"allow":["GET"]}}],"collection":[{"href":"https:\/\/bifalo.pl\/en\/wp-json\/wp\/v2\/pages"}],"about":[{"href":"https:\/\/bifalo.pl\/en\/wp-json\/wp\/v2\/types\/page"}],"author":[{"embeddable":true,"href":"https:\/\/bifalo.pl\/en\/wp-json\/wp\/v2\/users\/1"}],"replies":[{"embeddable":true,"href":"https:\/\/bifalo.pl\/en\/wp-json\/wp\/v2\/comments?post=20092"}],"version-history":[{"count":38,"href":"https:\/\/bifalo.pl\/en\/wp-json\/wp\/v2\/pages\/20092\/revisions"}],"predecessor-version":[{"id":21265,"href":"https:\/\/bifalo.pl\/en\/wp-json\/wp\/v2\/pages\/20092\/revisions\/21265"}],"wp:attachment":[{"href":"https:\/\/bifalo.pl\/en\/wp-json\/wp\/v2\/media?parent=20092"}],"curies":[{"name":"wp","href":"https:\/\/api.w.org\/{rel}","templated":true}]}}