{"id":21478,"date":"2024-09-13T17:13:29","date_gmt":"2024-09-13T15:13:29","guid":{"rendered":"https:\/\/bifalo.pl\/?post_type=product&#038;p=21478"},"modified":"2026-02-10T13:52:37","modified_gmt":"2026-02-10T12:52:37","slug":"sol-maldon-zakopianska","status":"publish","type":"product","link":"https:\/\/bifalo.pl\/de\/sklep\/dodatki\/sol-maldon-zakopianska\/","title":{"rendered":"S\u00d3L DO STEK\u00d3W Z ZIO\u0141AMI"},"content":{"rendered":"<p>S\u00f3l Maldon wzbogacona o specjalnie wyselekcjonowane zio\u0142a, to doskona\u0142e uzupe\u0142nienie smaku stek\u00f3w b\u0105d\u017a burger\u00f3w. Idealnie podkre\u015bla wyj\u0105tkowo\u015b\u0107 naszego mi\u0119sa.<\/p>","protected":false},"excerpt":{"rendered":"<p>Kompozycja soli Maldon i specjalnie dobranych zi\u00f3\u0142<\/p>","protected":false},"featured_media":22068,"comment_status":"open","ping_status":"closed","template":"","meta":{"_acf_changed":false,"inline_featured_image":false},"product_brand":[],"product_cat":[270],"product_tag":[],"class_list":{"0":"post-21478","1":"product","2":"type-product","3":"status-publish","4":"has-post-thumbnail","6":"product_cat-dodatki","8":"first","9":"instock","10":"shipping-taxable","11":"purchasable","12":"product-type-simple"},"acf":[],"_links":{"self":[{"href":"https:\/\/bifalo.pl\/de\/wp-json\/wp\/v2\/product\/21478","targetHints":{"allow":["GET"]}}],"collection":[{"href":"https:\/\/bifalo.pl\/de\/wp-json\/wp\/v2\/product"}],"about":[{"href":"https:\/\/bifalo.pl\/de\/wp-json\/wp\/v2\/types\/product"}],"replies":[{"embeddable":true,"href":"https:\/\/bifalo.pl\/de\/wp-json\/wp\/v2\/comments?post=21478"}],"version-history":[{"count":3,"href":"https:\/\/bifalo.pl\/de\/wp-json\/wp\/v2\/product\/21478\/revisions"}],"predecessor-version":[{"id":21960,"href":"https:\/\/bifalo.pl\/de\/wp-json\/wp\/v2\/product\/21478\/revisions\/21960"}],"wp:featuredmedia":[{"embeddable":true,"href":"https:\/\/bifalo.pl\/de\/wp-json\/wp\/v2\/media\/22068"}],"wp:attachment":[{"href":"https:\/\/bifalo.pl\/de\/wp-json\/wp\/v2\/media?parent=21478"}],"wp:term":[{"taxonomy":"product_brand","embeddable":true,"href":"https:\/\/bifalo.pl\/de\/wp-json\/wp\/v2\/product_brand?post=21478"},{"taxonomy":"product_cat","embeddable":true,"href":"https:\/\/bifalo.pl\/de\/wp-json\/wp\/v2\/product_cat?post=21478"},{"taxonomy":"product_tag","embeddable":true,"href":"https:\/\/bifalo.pl\/de\/wp-json\/wp\/v2\/product_tag?post=21478"}],"curies":[{"name":"wp","href":"https:\/\/api.w.org\/{rel}","templated":true}]}}