{"id":21476,"date":"2024-09-13T17:12:10","date_gmt":"2024-09-13T15:12:10","guid":{"rendered":"https:\/\/bifalo.pl\/?post_type=product&#038;p=21476"},"modified":"2026-02-10T16:11:58","modified_gmt":"2026-02-10T15:11:58","slug":"miod-mietowy-z-zakopianskiej-spizarni","status":"publish","type":"product","link":"https:\/\/bifalo.pl\/de\/sklep\/dodatki\/miod-mietowy-z-zakopianskiej-spizarni\/","title":{"rendered":"Mi\u00f3d mi\u0119towy z zakopia\u0144skiej spi\u017carni"},"content":{"rendered":"<p>Mi\u00f3d mi\u0119towy idealny do podkr\u0119cania smaku d\u0142ugo pieczonych mi\u0119s, komponowania sos\u00f3w zio\u0142owych czy wytrawnych marynat.<\/p>","protected":false},"excerpt":{"rendered":"<p>Mi\u00f3d wielokwiatowy, wzbogacony o liofilizowan\u0105 mi\u0119t\u0119<\/p>","protected":false},"featured_media":22069,"comment_status":"open","ping_status":"closed","template":"","meta":{"_acf_changed":false,"inline_featured_image":false},"product_brand":[],"product_cat":[270],"product_tag":[],"class_list":{"0":"post-21476","1":"product","2":"type-product","3":"status-publish","4":"has-post-thumbnail","6":"product_cat-dodatki","8":"first","9":"instock","10":"shipping-taxable","11":"purchasable","12":"product-type-simple"},"acf":[],"_links":{"self":[{"href":"https:\/\/bifalo.pl\/de\/wp-json\/wp\/v2\/product\/21476","targetHints":{"allow":["GET"]}}],"collection":[{"href":"https:\/\/bifalo.pl\/de\/wp-json\/wp\/v2\/product"}],"about":[{"href":"https:\/\/bifalo.pl\/de\/wp-json\/wp\/v2\/types\/product"}],"replies":[{"embeddable":true,"href":"https:\/\/bifalo.pl\/de\/wp-json\/wp\/v2\/comments?post=21476"}],"version-history":[{"count":3,"href":"https:\/\/bifalo.pl\/de\/wp-json\/wp\/v2\/product\/21476\/revisions"}],"predecessor-version":[{"id":21611,"href":"https:\/\/bifalo.pl\/de\/wp-json\/wp\/v2\/product\/21476\/revisions\/21611"}],"wp:featuredmedia":[{"embeddable":true,"href":"https:\/\/bifalo.pl\/de\/wp-json\/wp\/v2\/media\/22069"}],"wp:attachment":[{"href":"https:\/\/bifalo.pl\/de\/wp-json\/wp\/v2\/media?parent=21476"}],"wp:term":[{"taxonomy":"product_brand","embeddable":true,"href":"https:\/\/bifalo.pl\/de\/wp-json\/wp\/v2\/product_brand?post=21476"},{"taxonomy":"product_cat","embeddable":true,"href":"https:\/\/bifalo.pl\/de\/wp-json\/wp\/v2\/product_cat?post=21476"},{"taxonomy":"product_tag","embeddable":true,"href":"https:\/\/bifalo.pl\/de\/wp-json\/wp\/v2\/product_tag?post=21476"}],"curies":[{"name":"wp","href":"https:\/\/api.w.org\/{rel}","templated":true}]}}