{"id":21474,"date":"2024-09-13T17:09:57","date_gmt":"2024-09-13T15:09:57","guid":{"rendered":"https:\/\/bifalo.pl\/?post_type=product&#038;p=21474"},"modified":"2025-10-21T16:18:17","modified_gmt":"2025-10-21T14:18:17","slug":"sos-bbq","status":"publish","type":"product","link":"https:\/\/bifalo.pl\/de\/sklep\/dodatki\/sos-bbq\/","title":{"rendered":"Sos BBQ"},"content":{"rendered":"<p>Klasyczny sos BBQ to s\u0142odko-pikantny sos, idealny do mi\u0119s z grilla. Jego bogaty, dymny smak doskonale komponuje si\u0119 z grillowanymi stekami, \u017ceberkami i burgerami, dodaj\u0105c intensywnego aromatu ka\u017cdemu daniu.<\/p>","protected":false},"excerpt":{"rendered":"<p>Klasyczny sos BBQ, idealny do mi\u0119s z grilla<\/p>","protected":false},"featured_media":21606,"comment_status":"open","ping_status":"closed","template":"","meta":{"_acf_changed":false,"inline_featured_image":false},"product_brand":[],"product_cat":[270],"product_tag":[],"class_list":{"0":"post-21474","1":"product","2":"type-product","3":"status-publish","4":"has-post-thumbnail","6":"product_cat-dodatki","8":"first","9":"instock","10":"shipping-taxable","11":"purchasable","12":"product-type-simple"},"acf":[],"_links":{"self":[{"href":"https:\/\/bifalo.pl\/de\/wp-json\/wp\/v2\/product\/21474","targetHints":{"allow":["GET"]}}],"collection":[{"href":"https:\/\/bifalo.pl\/de\/wp-json\/wp\/v2\/product"}],"about":[{"href":"https:\/\/bifalo.pl\/de\/wp-json\/wp\/v2\/types\/product"}],"replies":[{"embeddable":true,"href":"https:\/\/bifalo.pl\/de\/wp-json\/wp\/v2\/comments?post=21474"}],"version-history":[{"count":2,"href":"https:\/\/bifalo.pl\/de\/wp-json\/wp\/v2\/product\/21474\/revisions"}],"predecessor-version":[{"id":21545,"href":"https:\/\/bifalo.pl\/de\/wp-json\/wp\/v2\/product\/21474\/revisions\/21545"}],"wp:featuredmedia":[{"embeddable":true,"href":"https:\/\/bifalo.pl\/de\/wp-json\/wp\/v2\/media\/21606"}],"wp:attachment":[{"href":"https:\/\/bifalo.pl\/de\/wp-json\/wp\/v2\/media?parent=21474"}],"wp:term":[{"taxonomy":"product_brand","embeddable":true,"href":"https:\/\/bifalo.pl\/de\/wp-json\/wp\/v2\/product_brand?post=21474"},{"taxonomy":"product_cat","embeddable":true,"href":"https:\/\/bifalo.pl\/de\/wp-json\/wp\/v2\/product_cat?post=21474"},{"taxonomy":"product_tag","embeddable":true,"href":"https:\/\/bifalo.pl\/de\/wp-json\/wp\/v2\/product_tag?post=21474"}],"curies":[{"name":"wp","href":"https:\/\/api.w.org\/{rel}","templated":true}]}}