{"id":21470,"date":"2024-09-13T17:05:54","date_gmt":"2024-09-13T15:05:54","guid":{"rendered":"https:\/\/bifalo.pl\/?post_type=product&#038;p=21470"},"modified":"2026-02-10T13:56:21","modified_gmt":"2026-02-10T12:56:21","slug":"sos-demiglass","status":"publish","type":"product","link":"https:\/\/bifalo.pl\/de\/sklep\/dodatki\/sos-demiglass\/","title":{"rendered":"SOS DEMI GLACE"},"content":{"rendered":"<p>Klasyczny sos demi-glace to g\u0119sty, aromatyczny sos, kt\u00f3ry powstaje w wyniku d\u0142ugiego gotowania wywaru wo\u0142owo-warzywnego. Idealny do stek\u00f3w, mi\u0119s pieczonych, burger\u00f3w czy jako baza do dip\u00f3w i innych sos\u00f3w<\/p>","protected":false},"excerpt":{"rendered":"<p>Klasyczny sos demi-glace, idealny do mi\u0119s i stek\u00f3w i jako baza do dowolnych sos\u00f3w<\/p>","protected":false},"featured_media":22067,"comment_status":"open","ping_status":"closed","template":"","meta":{"_acf_changed":false,"inline_featured_image":false},"product_brand":[],"product_cat":[270],"product_tag":[],"class_list":{"0":"post-21470","1":"product","2":"type-product","3":"status-publish","4":"has-post-thumbnail","6":"product_cat-dodatki","8":"first","9":"instock","10":"shipping-taxable","11":"purchasable","12":"product-type-simple"},"acf":[],"_links":{"self":[{"href":"https:\/\/bifalo.pl\/de\/wp-json\/wp\/v2\/product\/21470","targetHints":{"allow":["GET"]}}],"collection":[{"href":"https:\/\/bifalo.pl\/de\/wp-json\/wp\/v2\/product"}],"about":[{"href":"https:\/\/bifalo.pl\/de\/wp-json\/wp\/v2\/types\/product"}],"replies":[{"embeddable":true,"href":"https:\/\/bifalo.pl\/de\/wp-json\/wp\/v2\/comments?post=21470"}],"version-history":[{"count":2,"href":"https:\/\/bifalo.pl\/de\/wp-json\/wp\/v2\/product\/21470\/revisions"}],"predecessor-version":[{"id":21542,"href":"https:\/\/bifalo.pl\/de\/wp-json\/wp\/v2\/product\/21470\/revisions\/21542"}],"wp:featuredmedia":[{"embeddable":true,"href":"https:\/\/bifalo.pl\/de\/wp-json\/wp\/v2\/media\/22067"}],"wp:attachment":[{"href":"https:\/\/bifalo.pl\/de\/wp-json\/wp\/v2\/media?parent=21470"}],"wp:term":[{"taxonomy":"product_brand","embeddable":true,"href":"https:\/\/bifalo.pl\/de\/wp-json\/wp\/v2\/product_brand?post=21470"},{"taxonomy":"product_cat","embeddable":true,"href":"https:\/\/bifalo.pl\/de\/wp-json\/wp\/v2\/product_cat?post=21470"},{"taxonomy":"product_tag","embeddable":true,"href":"https:\/\/bifalo.pl\/de\/wp-json\/wp\/v2\/product_tag?post=21470"}],"curies":[{"name":"wp","href":"https:\/\/api.w.org\/{rel}","templated":true}]}}