{"id":21465,"date":"2024-09-13T16:55:36","date_gmt":"2024-09-13T14:55:36","guid":{"rendered":"https:\/\/bifalo.pl\/?post_type=product&#038;p=21465"},"modified":"2025-10-21T16:23:31","modified_gmt":"2025-10-21T14:23:31","slug":"kielbasa-wolowa-1-kg","status":"publish","type":"product","link":"https:\/\/bifalo.pl\/de\/sklep\/przetwory-z-wolowiny\/kielbasa-wolowa-1-kg\/","title":{"rendered":"Kie\u0142basa wo\u0142owa 1 kg"},"content":{"rendered":"<p>Kie\u0142basa wo\u0142owa o wadze 1 kg, wykonana z wysokiej jako\u015bci wo\u0142owiny, idealnie nadaje si\u0119 na grilla lub do gotowania. Jej bogaty smak i aromat sprawiaj\u0105, \u017ce \u015bwietnie sprawdzi si\u0119 jako dodatek do da\u0144 lub samodzielna przek\u0105ska, doskona\u0142e uzupe\u0142nienie deski ser\u00f3w i w\u0119dlin.<\/p>","protected":false},"excerpt":{"rendered":"<p>Aromatyczna kie\u0142basa wo\u0142owa o wadze 1 kg, idealna do grillowania lub do gotowania<\/p>","protected":false},"featured_media":21567,"comment_status":"open","ping_status":"closed","template":"","meta":{"_acf_changed":false,"inline_featured_image":false},"product_brand":[],"product_cat":[264],"product_tag":[],"class_list":{"0":"post-21465","1":"product","2":"type-product","3":"status-publish","4":"has-post-thumbnail","6":"product_cat-przetwory-z-wolowiny","8":"first","9":"instock","10":"shipping-taxable","11":"purchasable","12":"product-type-simple"},"acf":[],"_links":{"self":[{"href":"https:\/\/bifalo.pl\/de\/wp-json\/wp\/v2\/product\/21465","targetHints":{"allow":["GET"]}}],"collection":[{"href":"https:\/\/bifalo.pl\/de\/wp-json\/wp\/v2\/product"}],"about":[{"href":"https:\/\/bifalo.pl\/de\/wp-json\/wp\/v2\/types\/product"}],"replies":[{"embeddable":true,"href":"https:\/\/bifalo.pl\/de\/wp-json\/wp\/v2\/comments?post=21465"}],"version-history":[{"count":2,"href":"https:\/\/bifalo.pl\/de\/wp-json\/wp\/v2\/product\/21465\/revisions"}],"predecessor-version":[{"id":21539,"href":"https:\/\/bifalo.pl\/de\/wp-json\/wp\/v2\/product\/21465\/revisions\/21539"}],"wp:featuredmedia":[{"embeddable":true,"href":"https:\/\/bifalo.pl\/de\/wp-json\/wp\/v2\/media\/21567"}],"wp:attachment":[{"href":"https:\/\/bifalo.pl\/de\/wp-json\/wp\/v2\/media?parent=21465"}],"wp:term":[{"taxonomy":"product_brand","embeddable":true,"href":"https:\/\/bifalo.pl\/de\/wp-json\/wp\/v2\/product_brand?post=21465"},{"taxonomy":"product_cat","embeddable":true,"href":"https:\/\/bifalo.pl\/de\/wp-json\/wp\/v2\/product_cat?post=21465"},{"taxonomy":"product_tag","embeddable":true,"href":"https:\/\/bifalo.pl\/de\/wp-json\/wp\/v2\/product_tag?post=21465"}],"curies":[{"name":"wp","href":"https:\/\/api.w.org\/{rel}","templated":true}]}}