{"id":21461,"date":"2024-09-13T16:51:08","date_gmt":"2024-09-13T14:51:08","guid":{"rendered":"https:\/\/bifalo.pl\/?post_type=product&#038;p=21461"},"modified":"2025-10-21T16:27:14","modified_gmt":"2025-10-21T14:27:14","slug":"szponder-marmurkowy-600-g","status":"publish","type":"product","link":"https:\/\/bifalo.pl\/de\/sklep\/wolowina\/szponder-marmurkowy-600-g\/","title":{"rendered":"Szponder marmurkowy 600 g"},"content":{"rendered":"<p>Marmurkowy szponder wo\u0142owy o wadze 600g to idealny wyb\u00f3r do da\u0144 przyrz\u0105dzanych d\u0142ugo, w niskich temperaturach. Jego delikatna struktura i marmurkowato\u015b\u0107 gwarantuj\u0105 bogaty smak i soczysto\u015b\u0107. Idealny do duszenia lub pieczenia.<\/p>","protected":false},"excerpt":{"rendered":"<p>Marmurkowy szponder wo\u0142owy, doskona\u0142y do wolnego gotowania<\/p>","protected":false},"featured_media":21620,"comment_status":"open","ping_status":"closed","template":"","meta":{"_acf_changed":false,"inline_featured_image":false},"product_brand":[],"product_cat":[229],"product_tag":[],"class_list":{"0":"post-21461","1":"product","2":"type-product","3":"status-publish","4":"has-post-thumbnail","6":"product_cat-wolowina","8":"first","9":"instock","10":"shipping-taxable","11":"purchasable","12":"product-type-simple"},"acf":[],"_links":{"self":[{"href":"https:\/\/bifalo.pl\/de\/wp-json\/wp\/v2\/product\/21461","targetHints":{"allow":["GET"]}}],"collection":[{"href":"https:\/\/bifalo.pl\/de\/wp-json\/wp\/v2\/product"}],"about":[{"href":"https:\/\/bifalo.pl\/de\/wp-json\/wp\/v2\/types\/product"}],"replies":[{"embeddable":true,"href":"https:\/\/bifalo.pl\/de\/wp-json\/wp\/v2\/comments?post=21461"}],"version-history":[{"count":4,"href":"https:\/\/bifalo.pl\/de\/wp-json\/wp\/v2\/product\/21461\/revisions"}],"predecessor-version":[{"id":21870,"href":"https:\/\/bifalo.pl\/de\/wp-json\/wp\/v2\/product\/21461\/revisions\/21870"}],"wp:featuredmedia":[{"embeddable":true,"href":"https:\/\/bifalo.pl\/de\/wp-json\/wp\/v2\/media\/21620"}],"wp:attachment":[{"href":"https:\/\/bifalo.pl\/de\/wp-json\/wp\/v2\/media?parent=21461"}],"wp:term":[{"taxonomy":"product_brand","embeddable":true,"href":"https:\/\/bifalo.pl\/de\/wp-json\/wp\/v2\/product_brand?post=21461"},{"taxonomy":"product_cat","embeddable":true,"href":"https:\/\/bifalo.pl\/de\/wp-json\/wp\/v2\/product_cat?post=21461"},{"taxonomy":"product_tag","embeddable":true,"href":"https:\/\/bifalo.pl\/de\/wp-json\/wp\/v2\/product_tag?post=21461"}],"curies":[{"name":"wp","href":"https:\/\/api.w.org\/{rel}","templated":true}]}}