{"id":21450,"date":"2024-09-13T16:40:31","date_gmt":"2024-09-13T14:40:31","guid":{"rendered":"https:\/\/bifalo.pl\/?post_type=product&#038;p=21450"},"modified":"2025-10-21T17:08:02","modified_gmt":"2025-10-21T15:08:02","slug":"baveta","status":"publish","type":"product","link":"https:\/\/bifalo.pl\/de\/sklep\/steaki\/baveta\/","title":{"rendered":"Baveta"},"content":{"rendered":"<p>Bavette to naj\u0142adniejsza cz\u0119\u015b\u0107 \u0142aty. Mi\u0119so jest spr\u0119\u017cyste i zwarte, z bardzo delikatnym przerostem b\u0142on i charakterystycznym uk\u0142adem w\u0142\u00f3kien mi\u0119\u015bniowych. Bavette jest uniwersalna w zastosowaniu, mo\u017cna j\u0105 sma\u017cy\u0107, grillowa\u0107 i piec. Mi\u0119so to charakteryzuje si\u0119 doskona\u0142\u0105 soczysto\u015bci\u0105 i elastyczno\u015bci\u0105.<\/p>","protected":false},"excerpt":{"rendered":"<p>Smaczny i soczysty stek z dolnej cz\u0119\u015bci mostka wo\u0142owego.<\/p>","protected":false},"featured_media":21554,"comment_status":"open","ping_status":"closed","template":"","meta":{"_acf_changed":false,"inline_featured_image":false},"product_brand":[],"product_cat":[242],"product_tag":[],"class_list":{"0":"post-21450","1":"product","2":"type-product","3":"status-publish","4":"has-post-thumbnail","6":"product_cat-steaki","8":"first","9":"instock","10":"shipping-taxable","11":"purchasable","12":"product-type-variable","13":"has-default-attributes"},"acf":[],"_links":{"self":[{"href":"https:\/\/bifalo.pl\/de\/wp-json\/wp\/v2\/product\/21450","targetHints":{"allow":["GET"]}}],"collection":[{"href":"https:\/\/bifalo.pl\/de\/wp-json\/wp\/v2\/product"}],"about":[{"href":"https:\/\/bifalo.pl\/de\/wp-json\/wp\/v2\/types\/product"}],"replies":[{"embeddable":true,"href":"https:\/\/bifalo.pl\/de\/wp-json\/wp\/v2\/comments?post=21450"}],"version-history":[{"count":3,"href":"https:\/\/bifalo.pl\/de\/wp-json\/wp\/v2\/product\/21450\/revisions"}],"predecessor-version":[{"id":21869,"href":"https:\/\/bifalo.pl\/de\/wp-json\/wp\/v2\/product\/21450\/revisions\/21869"}],"wp:featuredmedia":[{"embeddable":true,"href":"https:\/\/bifalo.pl\/de\/wp-json\/wp\/v2\/media\/21554"}],"wp:attachment":[{"href":"https:\/\/bifalo.pl\/de\/wp-json\/wp\/v2\/media?parent=21450"}],"wp:term":[{"taxonomy":"product_brand","embeddable":true,"href":"https:\/\/bifalo.pl\/de\/wp-json\/wp\/v2\/product_brand?post=21450"},{"taxonomy":"product_cat","embeddable":true,"href":"https:\/\/bifalo.pl\/de\/wp-json\/wp\/v2\/product_cat?post=21450"},{"taxonomy":"product_tag","embeddable":true,"href":"https:\/\/bifalo.pl\/de\/wp-json\/wp\/v2\/product_tag?post=21450"}],"curies":[{"name":"wp","href":"https:\/\/api.w.org\/{rel}","templated":true}]}}