{"id":21440,"date":"2024-09-13T16:37:23","date_gmt":"2024-09-13T14:37:23","guid":{"rendered":"https:\/\/bifalo.pl\/?post_type=product&#038;p=21440"},"modified":"2026-02-10T12:21:22","modified_gmt":"2026-02-10T11:21:22","slug":"chateaubriand","status":"publish","type":"product","link":"https:\/\/bifalo.pl\/de\/sklep\/steaki\/chateaubriand\/","title":{"rendered":"Chateaubriand"},"content":{"rendered":"<p>Chateaubriand to najbardziej znany kawa\u0142ek pol\u0119dwicy wo\u0142owej, znane ze swojej delikatno\u015bci i soczysto\u015bci. Idealne na steki czy wykwintne dania.<\/p>","protected":false},"excerpt":{"rendered":"<p>Delikatne i wyj\u0105tkowo soczyste kawa\u0142ki wykrojone z pol\u0119dwicy wo\u0142owej.<\/p>","protected":false},"featured_media":22043,"comment_status":"open","ping_status":"closed","template":"","meta":{"_acf_changed":false,"inline_featured_image":false},"product_brand":[],"product_cat":[242],"product_tag":[],"class_list":{"0":"post-21440","1":"product","2":"type-product","3":"status-publish","4":"has-post-thumbnail","6":"product_cat-steaki","8":"first","9":"instock","10":"shipping-taxable","11":"purchasable","12":"product-type-variable"},"acf":[],"_links":{"self":[{"href":"https:\/\/bifalo.pl\/de\/wp-json\/wp\/v2\/product\/21440","targetHints":{"allow":["GET"]}}],"collection":[{"href":"https:\/\/bifalo.pl\/de\/wp-json\/wp\/v2\/product"}],"about":[{"href":"https:\/\/bifalo.pl\/de\/wp-json\/wp\/v2\/types\/product"}],"replies":[{"embeddable":true,"href":"https:\/\/bifalo.pl\/de\/wp-json\/wp\/v2\/comments?post=21440"}],"version-history":[{"count":2,"href":"https:\/\/bifalo.pl\/de\/wp-json\/wp\/v2\/product\/21440\/revisions"}],"predecessor-version":[{"id":21533,"href":"https:\/\/bifalo.pl\/de\/wp-json\/wp\/v2\/product\/21440\/revisions\/21533"}],"wp:featuredmedia":[{"embeddable":true,"href":"https:\/\/bifalo.pl\/de\/wp-json\/wp\/v2\/media\/22043"}],"wp:attachment":[{"href":"https:\/\/bifalo.pl\/de\/wp-json\/wp\/v2\/media?parent=21440"}],"wp:term":[{"taxonomy":"product_brand","embeddable":true,"href":"https:\/\/bifalo.pl\/de\/wp-json\/wp\/v2\/product_brand?post=21440"},{"taxonomy":"product_cat","embeddable":true,"href":"https:\/\/bifalo.pl\/de\/wp-json\/wp\/v2\/product_cat?post=21440"},{"taxonomy":"product_tag","embeddable":true,"href":"https:\/\/bifalo.pl\/de\/wp-json\/wp\/v2\/product_tag?post=21440"}],"curies":[{"name":"wp","href":"https:\/\/api.w.org\/{rel}","templated":true}]}}