{"id":21432,"date":"2024-09-13T16:34:42","date_gmt":"2024-09-13T14:34:42","guid":{"rendered":"https:\/\/bifalo.pl\/?post_type=product&#038;p=21432"},"modified":"2026-02-10T13:23:59","modified_gmt":"2026-02-10T12:23:59","slug":"rostbef-bez-kosci-marmur","status":"publish","type":"product","link":"https:\/\/bifalo.pl\/de\/sklep\/steaki\/rostbef-bez-kosci-marmur\/","title":{"rendered":"Rostbef bez ko\u015bci marmur"},"content":{"rendered":"<p>Rostbef bez ko\u015bci o marmurkowatej strukturze to mi\u0119so o wyj\u0105tkowej soczysto\u015bci i intensywnym smaku. Idealne do d\u0142ugiego pieczenia i powolnego grillowania.<\/p>","protected":false},"excerpt":{"rendered":"<p>Rostbef bez ko\u015bci, sezonowany na sucho, z marmurkowat\u0105 struktur\u0105.<\/p>","protected":false},"featured_media":22057,"comment_status":"open","ping_status":"closed","template":"","meta":{"_acf_changed":false,"inline_featured_image":false},"product_brand":[],"product_cat":[242],"product_tag":[],"class_list":{"0":"post-21432","1":"product","2":"type-product","3":"status-publish","4":"has-post-thumbnail","6":"product_cat-steaki","8":"first","9":"instock","10":"shipping-taxable","11":"purchasable","12":"product-type-variable"},"acf":[],"_links":{"self":[{"href":"https:\/\/bifalo.pl\/de\/wp-json\/wp\/v2\/product\/21432","targetHints":{"allow":["GET"]}}],"collection":[{"href":"https:\/\/bifalo.pl\/de\/wp-json\/wp\/v2\/product"}],"about":[{"href":"https:\/\/bifalo.pl\/de\/wp-json\/wp\/v2\/types\/product"}],"replies":[{"embeddable":true,"href":"https:\/\/bifalo.pl\/de\/wp-json\/wp\/v2\/comments?post=21432"}],"version-history":[{"count":2,"href":"https:\/\/bifalo.pl\/de\/wp-json\/wp\/v2\/product\/21432\/revisions"}],"predecessor-version":[{"id":21531,"href":"https:\/\/bifalo.pl\/de\/wp-json\/wp\/v2\/product\/21432\/revisions\/21531"}],"wp:featuredmedia":[{"embeddable":true,"href":"https:\/\/bifalo.pl\/de\/wp-json\/wp\/v2\/media\/22057"}],"wp:attachment":[{"href":"https:\/\/bifalo.pl\/de\/wp-json\/wp\/v2\/media?parent=21432"}],"wp:term":[{"taxonomy":"product_brand","embeddable":true,"href":"https:\/\/bifalo.pl\/de\/wp-json\/wp\/v2\/product_brand?post=21432"},{"taxonomy":"product_cat","embeddable":true,"href":"https:\/\/bifalo.pl\/de\/wp-json\/wp\/v2\/product_cat?post=21432"},{"taxonomy":"product_tag","embeddable":true,"href":"https:\/\/bifalo.pl\/de\/wp-json\/wp\/v2\/product_tag?post=21432"}],"curies":[{"name":"wp","href":"https:\/\/api.w.org\/{rel}","templated":true}]}}