{"id":21419,"date":"2024-09-13T15:30:54","date_gmt":"2024-09-13T13:30:54","guid":{"rendered":"https:\/\/bifalo.pl\/?post_type=product&#038;p=21419"},"modified":"2025-10-21T17:09:41","modified_gmt":"2025-10-21T15:09:41","slug":"poledwica-wolowa","status":"publish","type":"product","link":"https:\/\/bifalo.pl\/de\/sklep\/steaki\/poledwica-wolowa\/","title":{"rendered":"Pol\u0119dwica wo\u0142owa"},"content":{"rendered":"<p>Pol\u0119dwica wo\u0142owa to najdelikatniejsza cz\u0119\u015b\u0107 mi\u0119sa wo\u0142owego, charakteryzuj\u0105ca si\u0119 delikatno\u015bci\u0105 i subtelnym smakiem. Idealna na steki sma\u017cone, grillowane lub pieczone.<\/p>","protected":false},"excerpt":{"rendered":"<p>Pol\u0119dwica wo\u0142owa, o wyj\u0105tkowej delikatno\u015bci i szerokim zastosowaniu kulinarnym<\/p>","protected":false},"featured_media":21568,"comment_status":"open","ping_status":"closed","template":"","meta":{"_acf_changed":false,"inline_featured_image":false},"product_brand":[],"product_cat":[242],"product_tag":[],"class_list":{"0":"post-21419","1":"product","2":"type-product","3":"status-publish","4":"has-post-thumbnail","6":"product_cat-steaki","8":"first","9":"instock","10":"shipping-taxable","11":"purchasable","12":"product-type-variable"},"acf":[],"_links":{"self":[{"href":"https:\/\/bifalo.pl\/de\/wp-json\/wp\/v2\/product\/21419","targetHints":{"allow":["GET"]}}],"collection":[{"href":"https:\/\/bifalo.pl\/de\/wp-json\/wp\/v2\/product"}],"about":[{"href":"https:\/\/bifalo.pl\/de\/wp-json\/wp\/v2\/types\/product"}],"replies":[{"embeddable":true,"href":"https:\/\/bifalo.pl\/de\/wp-json\/wp\/v2\/comments?post=21419"}],"version-history":[{"count":3,"href":"https:\/\/bifalo.pl\/de\/wp-json\/wp\/v2\/product\/21419\/revisions"}],"predecessor-version":[{"id":21532,"href":"https:\/\/bifalo.pl\/de\/wp-json\/wp\/v2\/product\/21419\/revisions\/21532"}],"wp:featuredmedia":[{"embeddable":true,"href":"https:\/\/bifalo.pl\/de\/wp-json\/wp\/v2\/media\/21568"}],"wp:attachment":[{"href":"https:\/\/bifalo.pl\/de\/wp-json\/wp\/v2\/media?parent=21419"}],"wp:term":[{"taxonomy":"product_brand","embeddable":true,"href":"https:\/\/bifalo.pl\/de\/wp-json\/wp\/v2\/product_brand?post=21419"},{"taxonomy":"product_cat","embeddable":true,"href":"https:\/\/bifalo.pl\/de\/wp-json\/wp\/v2\/product_cat?post=21419"},{"taxonomy":"product_tag","embeddable":true,"href":"https:\/\/bifalo.pl\/de\/wp-json\/wp\/v2\/product_tag?post=21419"}],"curies":[{"name":"wp","href":"https:\/\/api.w.org\/{rel}","templated":true}]}}