{"id":21411,"date":"2024-09-13T15:26:51","date_gmt":"2024-09-13T13:26:51","guid":{"rendered":"https:\/\/bifalo.pl\/?post_type=product&#038;p=21411"},"modified":"2025-10-21T17:37:04","modified_gmt":"2025-10-21T15:37:04","slug":"antrykot-bez-kosci-marmur","status":"publish","type":"product","link":"https:\/\/bifalo.pl\/de\/sklep\/steaki\/antrykot-bez-kosci-marmur\/","title":{"rendered":"Antrykot bez ko\u015bci marmur"},"content":{"rendered":"<p>Marmurkowaty antrykot bez ko\u015bci to idealny wyb\u00f3r dla mi\u0142o\u015bnik\u00f3w stek\u00f3w premium. Jego struktura zapewnia z r\u00f3wnomiernie roz\u0142o\u017conym t\u0142uszczem nadaje mu wyrazisty, ma\u015blany smak i zapewnia idealn\u0105 soczysto\u015b\u0107.<\/p>","protected":false},"excerpt":{"rendered":"<p>Antrykot z ko\u015bci\u0105, sezonowany na sucho, o wyrazistej marmurkowato\u015bci.<\/p>","protected":false},"featured_media":21497,"comment_status":"open","ping_status":"closed","template":"","meta":{"_acf_changed":false,"inline_featured_image":false},"product_brand":[],"product_cat":[242],"product_tag":[],"class_list":{"0":"post-21411","1":"product","2":"type-product","3":"status-publish","4":"has-post-thumbnail","6":"product_cat-steaki","8":"first","9":"instock","10":"shipping-taxable","11":"purchasable","12":"product-type-variable"},"acf":[],"_links":{"self":[{"href":"https:\/\/bifalo.pl\/de\/wp-json\/wp\/v2\/product\/21411","targetHints":{"allow":["GET"]}}],"collection":[{"href":"https:\/\/bifalo.pl\/de\/wp-json\/wp\/v2\/product"}],"about":[{"href":"https:\/\/bifalo.pl\/de\/wp-json\/wp\/v2\/types\/product"}],"replies":[{"embeddable":true,"href":"https:\/\/bifalo.pl\/de\/wp-json\/wp\/v2\/comments?post=21411"}],"version-history":[{"count":2,"href":"https:\/\/bifalo.pl\/de\/wp-json\/wp\/v2\/product\/21411\/revisions"}],"predecessor-version":[{"id":21530,"href":"https:\/\/bifalo.pl\/de\/wp-json\/wp\/v2\/product\/21411\/revisions\/21530"}],"wp:featuredmedia":[{"embeddable":true,"href":"https:\/\/bifalo.pl\/de\/wp-json\/wp\/v2\/media\/21497"}],"wp:attachment":[{"href":"https:\/\/bifalo.pl\/de\/wp-json\/wp\/v2\/media?parent=21411"}],"wp:term":[{"taxonomy":"product_brand","embeddable":true,"href":"https:\/\/bifalo.pl\/de\/wp-json\/wp\/v2\/product_brand?post=21411"},{"taxonomy":"product_cat","embeddable":true,"href":"https:\/\/bifalo.pl\/de\/wp-json\/wp\/v2\/product_cat?post=21411"},{"taxonomy":"product_tag","embeddable":true,"href":"https:\/\/bifalo.pl\/de\/wp-json\/wp\/v2\/product_tag?post=21411"}],"curies":[{"name":"wp","href":"https:\/\/api.w.org\/{rel}","templated":true}]}}