{"id":21403,"date":"2024-09-13T15:23:04","date_gmt":"2024-09-13T13:23:04","guid":{"rendered":"https:\/\/bifalo.pl\/?post_type=product&#038;p=21403"},"modified":"2026-02-10T13:28:11","modified_gmt":"2026-02-10T12:28:11","slug":"rostbef-bez-kosci","status":"publish","type":"product","link":"https:\/\/bifalo.pl\/de\/sklep\/steaki\/rostbef-bez-kosci\/","title":{"rendered":"Rostbef bez ko\u015bci"},"content":{"rendered":"<p>Rostbef bez ko\u015bci to mi\u0119so o intensywnym, g\u0142\u0119bokim smaku, idealne do pieczenia. Podczas pieczenia zachowuje swoj\u0105 wyra\u017an\u0105 struktur\u0119, soczysto\u015b\u0107 i g\u0142\u0119boki smak.<\/p>","protected":false},"excerpt":{"rendered":"<p>Wyrazisty smak mi\u0119sa, sezonowanego na sucho. Marmurkowata struktura zapewnia idealn\u0105 soczysto\u015b\u0107<\/p>","protected":false},"featured_media":22058,"comment_status":"open","ping_status":"closed","template":"","meta":{"_acf_changed":false,"inline_featured_image":false},"product_brand":[],"product_cat":[242],"product_tag":[],"class_list":{"0":"post-21403","1":"product","2":"type-product","3":"status-publish","4":"has-post-thumbnail","6":"product_cat-steaki","8":"first","9":"instock","10":"shipping-taxable","11":"purchasable","12":"product-type-variable"},"acf":[],"_links":{"self":[{"href":"https:\/\/bifalo.pl\/de\/wp-json\/wp\/v2\/product\/21403","targetHints":{"allow":["GET"]}}],"collection":[{"href":"https:\/\/bifalo.pl\/de\/wp-json\/wp\/v2\/product"}],"about":[{"href":"https:\/\/bifalo.pl\/de\/wp-json\/wp\/v2\/types\/product"}],"replies":[{"embeddable":true,"href":"https:\/\/bifalo.pl\/de\/wp-json\/wp\/v2\/comments?post=21403"}],"version-history":[{"count":4,"href":"https:\/\/bifalo.pl\/de\/wp-json\/wp\/v2\/product\/21403\/revisions"}],"predecessor-version":[{"id":21529,"href":"https:\/\/bifalo.pl\/de\/wp-json\/wp\/v2\/product\/21403\/revisions\/21529"}],"wp:featuredmedia":[{"embeddable":true,"href":"https:\/\/bifalo.pl\/de\/wp-json\/wp\/v2\/media\/22058"}],"wp:attachment":[{"href":"https:\/\/bifalo.pl\/de\/wp-json\/wp\/v2\/media?parent=21403"}],"wp:term":[{"taxonomy":"product_brand","embeddable":true,"href":"https:\/\/bifalo.pl\/de\/wp-json\/wp\/v2\/product_brand?post=21403"},{"taxonomy":"product_cat","embeddable":true,"href":"https:\/\/bifalo.pl\/de\/wp-json\/wp\/v2\/product_cat?post=21403"},{"taxonomy":"product_tag","embeddable":true,"href":"https:\/\/bifalo.pl\/de\/wp-json\/wp\/v2\/product_tag?post=21403"}],"curies":[{"name":"wp","href":"https:\/\/api.w.org\/{rel}","templated":true}]}}