{"id":21371,"date":"2024-09-13T14:54:18","date_gmt":"2024-09-13T12:54:18","guid":{"rendered":"https:\/\/bifalo.pl\/?post_type=product&#038;p=21371"},"modified":"2026-02-10T13:18:28","modified_gmt":"2026-02-10T12:18:28","slug":"tomahawk-marmur","status":"publish","type":"product","link":"https:\/\/bifalo.pl\/de\/sklep\/steaki\/tomahawk-marmur\/","title":{"rendered":"Tomahawk marmur"},"content":{"rendered":"<p>Stek Tomahawk to charakterystyczne ci\u0119cie antrykotu, gdzie zostawiana jest d\u0142uga ko\u015b\u0107. Marmurkowata struktura gwarantuje bogaty, soczysty smak oraz spektakularny wygl\u0105d na talerzu. Idealne na grilla.<\/p>","protected":false},"excerpt":{"rendered":"<p>Efektowny stek Tomahawk z marmurkowat\u0105 struktur\u0105.<\/p>","protected":false},"featured_media":22048,"comment_status":"open","ping_status":"closed","template":"","meta":{"_acf_changed":false,"inline_featured_image":false},"product_brand":[],"product_cat":[242],"product_tag":[],"class_list":{"0":"post-21371","1":"product","2":"type-product","3":"status-publish","4":"has-post-thumbnail","6":"product_cat-steaki","8":"first","9":"instock","10":"shipping-taxable","11":"purchasable","12":"product-type-variable"},"acf":[],"_links":{"self":[{"href":"https:\/\/bifalo.pl\/de\/wp-json\/wp\/v2\/product\/21371","targetHints":{"allow":["GET"]}}],"collection":[{"href":"https:\/\/bifalo.pl\/de\/wp-json\/wp\/v2\/product"}],"about":[{"href":"https:\/\/bifalo.pl\/de\/wp-json\/wp\/v2\/types\/product"}],"replies":[{"embeddable":true,"href":"https:\/\/bifalo.pl\/de\/wp-json\/wp\/v2\/comments?post=21371"}],"version-history":[{"count":4,"href":"https:\/\/bifalo.pl\/de\/wp-json\/wp\/v2\/product\/21371\/revisions"}],"predecessor-version":[{"id":22055,"href":"https:\/\/bifalo.pl\/de\/wp-json\/wp\/v2\/product\/21371\/revisions\/22055"}],"wp:featuredmedia":[{"embeddable":true,"href":"https:\/\/bifalo.pl\/de\/wp-json\/wp\/v2\/media\/22048"}],"wp:attachment":[{"href":"https:\/\/bifalo.pl\/de\/wp-json\/wp\/v2\/media?parent=21371"}],"wp:term":[{"taxonomy":"product_brand","embeddable":true,"href":"https:\/\/bifalo.pl\/de\/wp-json\/wp\/v2\/product_brand?post=21371"},{"taxonomy":"product_cat","embeddable":true,"href":"https:\/\/bifalo.pl\/de\/wp-json\/wp\/v2\/product_cat?post=21371"},{"taxonomy":"product_tag","embeddable":true,"href":"https:\/\/bifalo.pl\/de\/wp-json\/wp\/v2\/product_tag?post=21371"}],"curies":[{"name":"wp","href":"https:\/\/api.w.org\/{rel}","templated":true}]}}