{"id":21363,"date":"2024-09-13T14:51:57","date_gmt":"2024-09-13T12:51:57","guid":{"rendered":"https:\/\/bifalo.pl\/?post_type=product&#038;p=21363"},"modified":"2025-10-21T17:36:52","modified_gmt":"2025-10-21T15:36:52","slug":"antrykot-z-koscia-marmur","status":"publish","type":"product","link":"https:\/\/bifalo.pl\/de\/sklep\/steaki\/antrykot-z-koscia-marmur\/","title":{"rendered":"Antrykot z ko\u015bci\u0105 marmur"},"content":{"rendered":"<p>Antrykot z ko\u015bci\u0105 to klasyczny stek o wyrazistym smaku. Marmurkowata struktura mi\u0119sa zapewnia idealn\u0105 soczysto\u015b\u0107 podczas sma\u017cenia czy grillowania.<\/p>","protected":false},"excerpt":{"rendered":"<p>Antrykot z ko\u015bci\u0105 z wyra\u017anym marmurkowaniem.<\/p>","protected":false},"featured_media":22025,"comment_status":"open","ping_status":"closed","template":"","meta":{"_acf_changed":false,"inline_featured_image":false},"product_brand":[],"product_cat":[242],"product_tag":[],"class_list":{"0":"post-21363","1":"product","2":"type-product","3":"status-publish","4":"has-post-thumbnail","6":"product_cat-steaki","8":"first","9":"instock","10":"shipping-taxable","11":"purchasable","12":"product-type-variable"},"acf":[],"_links":{"self":[{"href":"https:\/\/bifalo.pl\/de\/wp-json\/wp\/v2\/product\/21363","targetHints":{"allow":["GET"]}}],"collection":[{"href":"https:\/\/bifalo.pl\/de\/wp-json\/wp\/v2\/product"}],"about":[{"href":"https:\/\/bifalo.pl\/de\/wp-json\/wp\/v2\/types\/product"}],"replies":[{"embeddable":true,"href":"https:\/\/bifalo.pl\/de\/wp-json\/wp\/v2\/comments?post=21363"}],"version-history":[{"count":2,"href":"https:\/\/bifalo.pl\/de\/wp-json\/wp\/v2\/product\/21363\/revisions"}],"predecessor-version":[{"id":21525,"href":"https:\/\/bifalo.pl\/de\/wp-json\/wp\/v2\/product\/21363\/revisions\/21525"}],"wp:featuredmedia":[{"embeddable":true,"href":"https:\/\/bifalo.pl\/de\/wp-json\/wp\/v2\/media\/22025"}],"wp:attachment":[{"href":"https:\/\/bifalo.pl\/de\/wp-json\/wp\/v2\/media?parent=21363"}],"wp:term":[{"taxonomy":"product_brand","embeddable":true,"href":"https:\/\/bifalo.pl\/de\/wp-json\/wp\/v2\/product_brand?post=21363"},{"taxonomy":"product_cat","embeddable":true,"href":"https:\/\/bifalo.pl\/de\/wp-json\/wp\/v2\/product_cat?post=21363"},{"taxonomy":"product_tag","embeddable":true,"href":"https:\/\/bifalo.pl\/de\/wp-json\/wp\/v2\/product_tag?post=21363"}],"curies":[{"name":"wp","href":"https:\/\/api.w.org\/{rel}","templated":true}]}}