{"id":21351,"date":"2024-09-13T14:47:25","date_gmt":"2024-09-13T12:47:25","guid":{"rendered":"https:\/\/bifalo.pl\/?post_type=product&#038;p=21351"},"modified":"2025-11-20T08:42:48","modified_gmt":"2025-11-20T07:42:48","slug":"t-bone-marmur","status":"publish","type":"product","link":"https:\/\/bifalo.pl\/de\/sklep\/steaki\/t-bone-marmur\/","title":{"rendered":"T-bone marmur"},"content":{"rendered":"<p>Stek T-bone to idealne po\u0142\u0105czenie delikatnej pol\u0119dwicy oraz rostbefu. Jego marmurkowata struktura zapewnia soczysto\u015b\u0107 i wyrazisty smak. Idealny do grillowania i sma\u017cenia<\/p>","protected":false},"excerpt":{"rendered":"<p>Stek Tomahawk z wyra\u017an\u0105, marmurkowat\u0105 struktur\u0105<\/p>","protected":false},"featured_media":21578,"comment_status":"open","ping_status":"closed","template":"","meta":{"_acf_changed":false,"inline_featured_image":false},"product_brand":[],"product_cat":[242],"product_tag":[],"class_list":{"0":"post-21351","1":"product","2":"type-product","3":"status-publish","4":"has-post-thumbnail","6":"product_cat-steaki","8":"first","9":"instock","10":"shipping-taxable","11":"purchasable","12":"product-type-variable"},"acf":[],"_links":{"self":[{"href":"https:\/\/bifalo.pl\/de\/wp-json\/wp\/v2\/product\/21351","targetHints":{"allow":["GET"]}}],"collection":[{"href":"https:\/\/bifalo.pl\/de\/wp-json\/wp\/v2\/product"}],"about":[{"href":"https:\/\/bifalo.pl\/de\/wp-json\/wp\/v2\/types\/product"}],"replies":[{"embeddable":true,"href":"https:\/\/bifalo.pl\/de\/wp-json\/wp\/v2\/comments?post=21351"}],"version-history":[{"count":3,"href":"https:\/\/bifalo.pl\/de\/wp-json\/wp\/v2\/product\/21351\/revisions"}],"predecessor-version":[{"id":22032,"href":"https:\/\/bifalo.pl\/de\/wp-json\/wp\/v2\/product\/21351\/revisions\/22032"}],"wp:featuredmedia":[{"embeddable":true,"href":"https:\/\/bifalo.pl\/de\/wp-json\/wp\/v2\/media\/21578"}],"wp:attachment":[{"href":"https:\/\/bifalo.pl\/de\/wp-json\/wp\/v2\/media?parent=21351"}],"wp:term":[{"taxonomy":"product_brand","embeddable":true,"href":"https:\/\/bifalo.pl\/de\/wp-json\/wp\/v2\/product_brand?post=21351"},{"taxonomy":"product_cat","embeddable":true,"href":"https:\/\/bifalo.pl\/de\/wp-json\/wp\/v2\/product_cat?post=21351"},{"taxonomy":"product_tag","embeddable":true,"href":"https:\/\/bifalo.pl\/de\/wp-json\/wp\/v2\/product_tag?post=21351"}],"curies":[{"name":"wp","href":"https:\/\/api.w.org\/{rel}","templated":true}]}}